{"id":18536,"date":"2023-07-06T08:03:40","date_gmt":"2023-07-06T08:03:40","guid":{"rendered":"https:\/\/exmet.ee\/services\/toru-ja-profiilitootlus\/"},"modified":"2024-11-11T15:30:35","modified_gmt":"2024-11-11T13:30:35","slug":"terauda-un-profila-apstrade","status":"publish","type":"page","link":"https:\/\/exmet.ee\/services\/lv\/terauda-un-profila-apstrade\/","title":{"rendered":"T\u0112RAUDA UN PROFILA APSTR\u0100DE"},"content":{"rendered":"\t\t<div data-elementor-type=\"wp-page\" data-elementor-id=\"18536\" class=\"elementor elementor-18536 elementor-10930\" data-elementor-post-type=\"page\">\n\t\t\t\t\t\t<section class=\"elementor-section elementor-top-section elementor-element elementor-element-74e02e0 elementor-section-full_width elementor-section-height-min-height elementor-section-height-default elementor-section-items-middle\" data-id=\"74e02e0\" data-element_type=\"section\" data-e-type=\"section\" data-settings=\"{&quot;background_background&quot;:&quot;classic&quot;,&quot;background_motion_fx_motion_fx_scrolling&quot;:&quot;yes&quot;,&quot;background_motion_fx_translateY_effect&quot;:&quot;yes&quot;,&quot;background_motion_fx_translateY_direction&quot;:&quot;negative&quot;,&quot;background_motion_fx_translateY_speed&quot;:{&quot;unit&quot;:&quot;px&quot;,&quot;size&quot;:10,&quot;sizes&quot;:[]},&quot;background_motion_fx_range&quot;:&quot;viewport&quot;,&quot;shape_divider_bottom&quot;:&quot;tilt&quot;,&quot;jet_parallax_layout_list&quot;:[],&quot;background_motion_fx_translateY_affectedRange&quot;:{&quot;unit&quot;:&quot;%&quot;,&quot;size&quot;:&quot;&quot;,&quot;sizes&quot;:{&quot;start&quot;:0,&quot;end&quot;:100}},&quot;background_motion_fx_devices&quot;:[&quot;desktop&quot;,&quot;tablet&quot;,&quot;mobile&quot;]}\">\n\t\t\t\t\t\t\t<div class=\"elementor-background-overlay\"><\/div>\n\t\t\t\t\t\t<div class=\"elementor-shape elementor-shape-bottom\" aria-hidden=\"true\" data-negative=\"false\">\n\t\t\t<svg xmlns=\"http:\/\/www.w3.org\/2000\/svg\" viewBox=\"0 0 1000 100\" preserveAspectRatio=\"none\">\n\t<path class=\"elementor-shape-fill\" d=\"M0,6V0h1000v100L0,6z\"\/>\n<\/svg>\t\t<\/div>\n\t\t\t\t\t<div class=\"elementor-container elementor-column-gap-default\">\n\t\t\t\t\t<div class=\"elementor-column elementor-col-100 elementor-top-column elementor-element elementor-element-eac4331\" data-id=\"eac4331\" data-element_type=\"column\" data-e-type=\"column\">\n\t\t\t<div class=\"elementor-widget-wrap elementor-element-populated\">\n\t\t\t\t\t\t<div class=\"elementor-element elementor-element-f04744d elementor-widget__width-inherit elementor-widget elementor-widget-heading\" data-id=\"f04744d\" data-element_type=\"widget\" data-e-type=\"widget\" data-widget_type=\"heading.default\">\n\t\t\t\t<div class=\"elementor-widget-container\">\n\t\t\t\t\t<h1 class=\"elementor-heading-title elementor-size-default\">T\u0112RAUDA UN PROFILA APSTR\u0100DE<\/h1>\t\t\t\t<\/div>\n\t\t\t\t<\/div>\n\t\t\t\t\t<\/div>\n\t\t<\/div>\n\t\t\t\t\t<\/div>\n\t\t<\/section>\n\t\t\t\t<section class=\"elementor-section elementor-top-section elementor-element elementor-element-69a0892 elementor-section-full_width elementor-section-height-default elementor-section-height-default\" data-id=\"69a0892\" data-element_type=\"section\" data-e-type=\"section\" data-settings=\"{&quot;background_background&quot;:&quot;classic&quot;,&quot;jet_parallax_layout_list&quot;:[]}\">\n\t\t\t\t\t\t<div class=\"elementor-container elementor-column-gap-default\">\n\t\t\t\t\t<div class=\"elementor-column elementor-col-100 elementor-top-column elementor-element elementor-element-84d0bab\" data-id=\"84d0bab\" data-element_type=\"column\" data-e-type=\"column\">\n\t\t\t<div class=\"elementor-widget-wrap elementor-element-populated\">\n\t\t\t\t\t\t<div class=\"elementor-element elementor-element-8f833df elementor-widget elementor-widget-text-editor\" data-id=\"8f833df\" data-element_type=\"widget\" data-e-type=\"widget\" data-widget_type=\"text-editor.default\">\n\t\t\t\t<div class=\"elementor-widget-container\">\n\t\t\t\t\t\t\t\t\t<p>Pied\u0101v\u0101jam pla\u0161u profila apstr\u0101des pakalpojumu kl\u0101stu, no <strong>cauru\u013cu un profilu augst\u0101k\u0101 l\u012bme\u0146a grie\u0161anas ar l\u0101zeru un apstr\u0101des ar Kaltenbach CNC profila apstr\u0101des ma\u0161\u012bnu l\u012bdz \u0161tanc\u0113\u0161anai.<\/strong><\/p><p>R\u016bpniec\u012bb\u0101 iepriek\u0161 apstr\u0101d\u0101tu profilu lieto\u0161ana sniedz klientiem daudz priek\u0161roc\u012bbu, s\u0101kot ar liel\u0101ku ra\u017eo\u0161anas efektivit\u0101ti l\u012bdz lab\u0101kai kvalit\u0101tes kontrolei. Turkl\u0101t tad profilus var piel\u0101got prec\u012bzi gala produkcijas pras\u012bb\u0101m un kvalit\u0101tes standartiem.<\/p>\t\t\t\t\t\t\t\t<\/div>\n\t\t\t\t<\/div>\n\t\t\t\t<div class=\"elementor-element elementor-element-6c0556a elementor-widget elementor-widget-text-editor\" data-id=\"6c0556a\" data-element_type=\"widget\" data-e-type=\"widget\" data-widget_type=\"text-editor.default\">\n\t\t\t\t<div class=\"elementor-widget-container\">\n\t\t\t\t\t\t\t\t\t<p><strong>Iepaz\u012bstieties ar m\u016bsu profila apstr\u0101des pakalpojumiem un sazinieties.<\/strong><\/p>\t\t\t\t\t\t\t\t<\/div>\n\t\t\t\t<\/div>\n\t\t\t\t\t<\/div>\n\t\t<\/div>\n\t\t\t\t\t<\/div>\n\t\t<\/section>\n\t\t\t\t<section class=\"elementor-section elementor-top-section elementor-element elementor-element-f0b9d53 elementor-section-full_width elementor-section-height-default elementor-section-height-default\" data-id=\"f0b9d53\" data-element_type=\"section\" data-e-type=\"section\" data-settings=\"{&quot;jet_parallax_layout_list&quot;:[],&quot;background_background&quot;:&quot;classic&quot;,&quot;shape_divider_bottom&quot;:&quot;tilt&quot;}\">\n\t\t\t\t\t\t\t<div class=\"elementor-background-overlay\"><\/div>\n\t\t\t\t\t\t<div class=\"elementor-shape elementor-shape-bottom\" aria-hidden=\"true\" data-negative=\"false\">\n\t\t\t<svg xmlns=\"http:\/\/www.w3.org\/2000\/svg\" viewBox=\"0 0 1000 100\" preserveAspectRatio=\"none\">\n\t<path class=\"elementor-shape-fill\" d=\"M0,6V0h1000v100L0,6z\"\/>\n<\/svg>\t\t<\/div>\n\t\t\t\t\t<div class=\"elementor-container elementor-column-gap-default\">\n\t\t\t\t\t<div class=\"elementor-column elementor-col-100 elementor-top-column elementor-element elementor-element-6510eab\" data-id=\"6510eab\" data-element_type=\"column\" data-e-type=\"column\">\n\t\t\t<div class=\"elementor-widget-wrap elementor-element-populated\">\n\t\t\t\t\t\t<section class=\"elementor-section elementor-inner-section elementor-element elementor-element-d708848 elementor-section-full_width elementor-section-height-default elementor-section-height-default\" data-id=\"d708848\" data-element_type=\"section\" data-e-type=\"section\" data-settings=\"{&quot;jet_parallax_layout_list&quot;:[]}\">\n\t\t\t\t\t\t<div class=\"elementor-container elementor-column-gap-default\">\n\t\t\t\t\t<div class=\"elementor-column elementor-col-25 elementor-inner-column elementor-element elementor-element-785b8f9\" data-id=\"785b8f9\" data-element_type=\"column\" data-e-type=\"column\">\n\t\t\t<div class=\"elementor-widget-wrap elementor-element-populated\">\n\t\t\t\t\t\t<div class=\"elementor-element elementor-element-61c0cd9 elementor-widget elementor-widget-image\" data-id=\"61c0cd9\" data-element_type=\"widget\" data-e-type=\"widget\" data-widget_type=\"image.default\">\n\t\t\t\t<div class=\"elementor-widget-container\">\n\t\t\t\t\t\t\t\t\t\t\t\t\t\t\t\t<a href=\"https:\/\/exmet.ee\/services\/lv\/terauda-un-profila-apstrade\/caurulu-lazers\/\">\n\t\t\t\t\t\t\t<img decoding=\"async\" src=\"https:\/\/exmet.ee\/services\/wp-content\/uploads\/elementor\/thumbs\/MMS71213-scaled-qwwhoig1nh0ghjxodgjtm86xr2zy53gsge0fi6pg68.jpg\" title=\"cauru\u013cu l\u0101zers\" alt=\"cauru\u013cu l\u0101zers, caurules l\u0101zers, profilu l\u0101zers, cauru\u013cu l\u0101zergrie\u0161ana, cauru\u013cu un profilu l\u0101zers, Exmet, Exmet pakalpojumi, profilu apstr\u0101de, cauru\u013cu apstr\u0101de\" loading=\"lazy\" \/>\t\t\t\t\t\t\t\t<\/a>\n\t\t\t\t\t\t\t\t\t\t\t\t\t\t\t<\/div>\n\t\t\t\t<\/div>\n\t\t\t\t<div class=\"elementor-element elementor-element-f63889d elementor-widget elementor-widget-heading\" data-id=\"f63889d\" data-element_type=\"widget\" data-e-type=\"widget\" data-widget_type=\"heading.default\">\n\t\t\t\t<div class=\"elementor-widget-container\">\n\t\t\t\t\t<h2 class=\"elementor-heading-title elementor-size-default\"><a href=\"https:\/\/exmet.ee\/services\/lv\/terauda-un-profila-apstrade\/caurulu-lazers\/\">CAURU\u013bU UN PROFILA L\u0100ZERS<\/a><\/h2>\t\t\t\t<\/div>\n\t\t\t\t<\/div>\n\t\t\t\t\t<\/div>\n\t\t<\/div>\n\t\t\t\t<div class=\"elementor-column elementor-col-25 elementor-inner-column elementor-element elementor-element-aae4e87\" data-id=\"aae4e87\" data-element_type=\"column\" data-e-type=\"column\">\n\t\t\t<div class=\"elementor-widget-wrap elementor-element-populated\">\n\t\t\t\t\t\t<div class=\"elementor-element elementor-element-6aeeca6 elementor-widget elementor-widget-image\" data-id=\"6aeeca6\" data-element_type=\"widget\" data-e-type=\"widget\" data-widget_type=\"image.default\">\n\t\t\t\t<div class=\"elementor-widget-container\">\n\t\t\t\t\t\t\t\t\t\t\t\t\t\t\t\t<a href=\"https:\/\/exmet.ee\/services\/lv\/terauda-un-profila-apstrade\/cnc-profila-apstrade\/\">\n\t\t\t\t\t\t\t<img decoding=\"async\" src=\"https:\/\/exmet.ee\/services\/wp-content\/uploads\/elementor\/thumbs\/Exmet-Services-Kaltenbach-CNC-tootlus-2-qmr13q6fb3ykfjsijcq7gtjeyufc8q9dfyj7owotnk.jpg\" title=\"profiilit\u00f6\u00f6tlus\" alt=\"profiilit\u00f6\u00f6tlus\" loading=\"lazy\" \/>\t\t\t\t\t\t\t\t<\/a>\n\t\t\t\t\t\t\t\t\t\t\t\t\t\t\t<\/div>\n\t\t\t\t<\/div>\n\t\t\t\t<div class=\"elementor-element elementor-element-60cbfb4 elementor-widget elementor-widget-heading\" data-id=\"60cbfb4\" data-element_type=\"widget\" data-e-type=\"widget\" data-widget_type=\"heading.default\">\n\t\t\t\t<div class=\"elementor-widget-container\">\n\t\t\t\t\t<h2 class=\"elementor-heading-title elementor-size-default\"><a href=\"https:\/\/exmet.ee\/services\/lv\/terauda-un-profila-apstrade\/cnc-profila-apstrade\/\">CNC PROFILA APSTR\u0100DE<\/a><\/h2>\t\t\t\t<\/div>\n\t\t\t\t<\/div>\n\t\t\t\t\t<\/div>\n\t\t<\/div>\n\t\t\t\t<div class=\"elementor-column elementor-col-25 elementor-inner-column elementor-element elementor-element-d759427\" data-id=\"d759427\" data-element_type=\"column\" data-e-type=\"column\">\n\t\t\t<div class=\"elementor-widget-wrap elementor-element-populated\">\n\t\t\t\t\t\t<div class=\"elementor-element elementor-element-e7695ba elementor-widget elementor-widget-image\" data-id=\"e7695ba\" data-element_type=\"widget\" data-e-type=\"widget\" data-widget_type=\"image.default\">\n\t\t\t\t<div class=\"elementor-widget-container\">\n\t\t\t\t\t\t\t\t\t\t\t\t\t\t\t\t<a href=\"https:\/\/exmet.ee\/services\/lv\/fazesana\/\">\n\t\t\t\t\t\t\t<img decoding=\"async\" src=\"https:\/\/exmet.ee\/services\/wp-content\/uploads\/elementor\/thumbs\/MMS72827-1-scaled-qox3ezz5djsyx6vhd6xjwlopze3ppl74j9hyoh1ag0.jpg\" title=\"faasimine\" alt=\"faasimine\" loading=\"lazy\" \/>\t\t\t\t\t\t\t\t<\/a>\n\t\t\t\t\t\t\t\t\t\t\t\t\t\t\t<\/div>\n\t\t\t\t<\/div>\n\t\t\t\t<div class=\"elementor-element elementor-element-a3c2249 elementor-widget elementor-widget-heading\" data-id=\"a3c2249\" data-element_type=\"widget\" data-e-type=\"widget\" data-widget_type=\"heading.default\">\n\t\t\t\t<div class=\"elementor-widget-container\">\n\t\t\t\t\t<h2 class=\"elementor-heading-title elementor-size-default\"><a href=\"https:\/\/exmet.ee\/services\/lv\/fazesana\/\">F\u0100Z\u0112\u0160ANA<\/a><\/h2>\t\t\t\t<\/div>\n\t\t\t\t<\/div>\n\t\t\t\t\t<\/div>\n\t\t<\/div>\n\t\t\t\t<div class=\"elementor-column elementor-col-25 elementor-inner-column elementor-element elementor-element-ca45bae\" data-id=\"ca45bae\" data-element_type=\"column\" data-e-type=\"column\">\n\t\t\t<div class=\"elementor-widget-wrap elementor-element-populated\">\n\t\t\t\t\t\t<div class=\"elementor-element elementor-element-240a710 elementor-widget elementor-widget-image\" data-id=\"240a710\" data-element_type=\"widget\" data-e-type=\"widget\" data-widget_type=\"image.default\">\n\t\t\t\t<div class=\"elementor-widget-container\">\n\t\t\t\t\t\t\t\t\t\t\t\t\t\t\t\t<a href=\"https:\/\/exmet.ee\/services\/lv\/stancesana\/\">\n\t\t\t\t\t\t\t<img decoding=\"async\" src=\"https:\/\/exmet.ee\/services\/wp-content\/uploads\/elementor\/thumbs\/haaveldamine-qmjs8of2bcblmwtbo0r82ma8o5pl4wg3mkze2sw36o.webp\" title=\"haaveldamine\" alt=\"haaveldamine\" loading=\"lazy\" \/>\t\t\t\t\t\t\t\t<\/a>\n\t\t\t\t\t\t\t\t\t\t\t\t\t\t\t<\/div>\n\t\t\t\t<\/div>\n\t\t\t\t<div class=\"elementor-element elementor-element-d100dbc elementor-widget elementor-widget-heading\" data-id=\"d100dbc\" data-element_type=\"widget\" data-e-type=\"widget\" data-widget_type=\"heading.default\">\n\t\t\t\t<div class=\"elementor-widget-container\">\n\t\t\t\t\t<h2 class=\"elementor-heading-title elementor-size-default\"><a href=\"https:\/\/exmet.ee\/services\/lv\/stancesana\/\">\u0160TANC\u0112\u0160ANA<\/a><\/h2>\t\t\t\t<\/div>\n\t\t\t\t<\/div>\n\t\t\t\t\t<\/div>\n\t\t<\/div>\n\t\t\t\t\t<\/div>\n\t\t<\/section>\n\t\t\t\t<section class=\"elementor-section elementor-inner-section elementor-element elementor-element-4d0ac14 elementor-section-full_width elementor-section-height-default elementor-section-height-default\" data-id=\"4d0ac14\" data-element_type=\"section\" data-e-type=\"section\" data-settings=\"{&quot;jet_parallax_layout_list&quot;:[]}\">\n\t\t\t\t\t\t<div class=\"elementor-container elementor-column-gap-default\">\n\t\t\t\t\t<div class=\"elementor-column elementor-col-25 elementor-inner-column elementor-element elementor-element-8cff191\" data-id=\"8cff191\" data-element_type=\"column\" data-e-type=\"column\">\n\t\t\t<div class=\"elementor-widget-wrap elementor-element-populated\">\n\t\t\t\t\t\t<div class=\"elementor-element elementor-element-b1dd948 elementor-widget elementor-widget-image\" data-id=\"b1dd948\" data-element_type=\"widget\" data-e-type=\"widget\" data-widget_type=\"image.default\">\n\t\t\t\t<div class=\"elementor-widget-container\">\n\t\t\t\t\t\t\t\t\t\t\t\t\t\t\t\t<a href=\"https:\/\/exmet.ee\/services\/lv\/markesana-un-iepakosana\/\">\n\t\t\t\t\t\t\t<img decoding=\"async\" src=\"https:\/\/exmet.ee\/services\/wp-content\/uploads\/elementor\/thumbs\/markeerimine-qmjs8nh84iabbauoticli4is2ru7x7cdagbwlixhcw.webp\" title=\"Mar\u0137\u0113\u0161ana\" alt=\"Mar\u0137\u0113\u0161ana un iepako\u0161ana, Mar\u0137\u0113\u0161ana, iepako\u0161ana, exmet, exmet services\" loading=\"lazy\" \/>\t\t\t\t\t\t\t\t<\/a>\n\t\t\t\t\t\t\t\t\t\t\t\t\t\t\t<\/div>\n\t\t\t\t<\/div>\n\t\t\t\t<div class=\"elementor-element elementor-element-048b247 elementor-widget elementor-widget-heading\" data-id=\"048b247\" data-element_type=\"widget\" data-e-type=\"widget\" data-widget_type=\"heading.default\">\n\t\t\t\t<div class=\"elementor-widget-container\">\n\t\t\t\t\t<h2 class=\"elementor-heading-title elementor-size-default\"><a href=\"https:\/\/exmet.ee\/services\/lv\/markesana-un-iepakosana\/\">MAR\u0136\u0112\u0160ANA UN IEPAKO\u0160ANA <\/a><\/h2>\t\t\t\t<\/div>\n\t\t\t\t<\/div>\n\t\t\t\t\t<\/div>\n\t\t<\/div>\n\t\t\t\t<div class=\"elementor-column elementor-col-25 elementor-inner-column elementor-element elementor-element-808ad00\" data-id=\"808ad00\" data-element_type=\"column\" data-e-type=\"column\">\n\t\t\t<div class=\"elementor-widget-wrap\">\n\t\t\t\t\t\t\t<\/div>\n\t\t<\/div>\n\t\t\t\t<div class=\"elementor-column elementor-col-25 elementor-inner-column elementor-element elementor-element-9924993\" data-id=\"9924993\" data-element_type=\"column\" data-e-type=\"column\">\n\t\t\t<div class=\"elementor-widget-wrap\">\n\t\t\t\t\t\t\t<\/div>\n\t\t<\/div>\n\t\t\t\t<div class=\"elementor-column elementor-col-25 elementor-inner-column elementor-element elementor-element-93f9e56\" data-id=\"93f9e56\" data-element_type=\"column\" data-e-type=\"column\">\n\t\t\t<div class=\"elementor-widget-wrap\">\n\t\t\t\t\t\t\t<\/div>\n\t\t<\/div>\n\t\t\t\t\t<\/div>\n\t\t<\/section>\n\t\t\t\t\t<\/div>\n\t\t<\/div>\n\t\t\t\t\t<\/div>\n\t\t<\/section>\n\t\t\t\t<\/div>\n\t\t","protected":false},"excerpt":{"rendered":"<p>T\u0112RAUDA UN PROFILA APSTR\u0100DE Pied\u0101v\u0101jam pla\u0161u profila apstr\u0101des pakalpojumu kl\u0101stu, no cauru\u013cu un profilu augst\u0101k\u0101 l\u012bme\u0146a grie\u0161anas ar l\u0101zeru un apstr\u0101des ar Kaltenbach CNC profila apstr\u0101des ma\u0161\u012bnu l\u012bdz \u0161tanc\u0113\u0161anai. R\u016bpniec\u012bb\u0101 iepriek\u0161 apstr\u0101d\u0101tu profilu lieto\u0161ana sniedz klientiem daudz priek\u0161roc\u012bbu, s\u0101kot ar liel\u0101ku ra\u017eo\u0161anas efektivit\u0101ti l\u012bdz lab\u0101kai kvalit\u0101tes kontrolei. Turkl\u0101t tad profilus var piel\u0101got prec\u012bzi gala produkcijas [&hellip;]<\/p>\n","protected":false},"author":2,"featured_media":18329,"parent":0,"menu_order":2,"comment_status":"closed","ping_status":"closed","template":"elementor_header_footer","meta":{"footnotes":""},"class_list":["post-18536","page","type-page","status-publish","has-post-thumbnail","hentry"],"_links":{"self":[{"href":"https:\/\/exmet.ee\/services\/lv\/wp-json\/wp\/v2\/pages\/18536","targetHints":{"allow":["GET"]}}],"collection":[{"href":"https:\/\/exmet.ee\/services\/lv\/wp-json\/wp\/v2\/pages"}],"about":[{"href":"https:\/\/exmet.ee\/services\/lv\/wp-json\/wp\/v2\/types\/page"}],"author":[{"embeddable":true,"href":"https:\/\/exmet.ee\/services\/lv\/wp-json\/wp\/v2\/users\/2"}],"replies":[{"embeddable":true,"href":"https:\/\/exmet.ee\/services\/lv\/wp-json\/wp\/v2\/comments?post=18536"}],"version-history":[{"count":11,"href":"https:\/\/exmet.ee\/services\/lv\/wp-json\/wp\/v2\/pages\/18536\/revisions"}],"predecessor-version":[{"id":19054,"href":"https:\/\/exmet.ee\/services\/lv\/wp-json\/wp\/v2\/pages\/18536\/revisions\/19054"}],"wp:featuredmedia":[{"embeddable":true,"href":"https:\/\/exmet.ee\/services\/lv\/wp-json\/wp\/v2\/media\/18329"}],"wp:attachment":[{"href":"https:\/\/exmet.ee\/services\/lv\/wp-json\/wp\/v2\/media?parent=18536"}],"curies":[{"name":"wp","href":"https:\/\/api.w.org\/{rel}","templated":true}]}}