{"id":18571,"date":"2023-07-06T08:04:08","date_gmt":"2023-07-06T08:04:08","guid":{"rendered":"https:\/\/exmet.ee\/services\/green-ict\/"},"modified":"2024-11-21T18:34:42","modified_gmt":"2024-11-21T16:34:42","slug":"green-ict","status":"publish","type":"page","link":"https:\/\/exmet.ee\/services\/lv\/green-ict\/","title":{"rendered":"GREEN ICT"},"content":{"rendered":"\t\t<div data-elementor-type=\"wp-page\" data-elementor-id=\"18571\" class=\"elementor elementor-18571 elementor-10934\" data-elementor-post-type=\"page\">\n\t\t\t\t\t\t<section class=\"elementor-section elementor-top-section elementor-element elementor-element-03c340a elementor-section-full_width elementor-section-height-min-height elementor-section-height-default elementor-section-items-middle\" data-id=\"03c340a\" data-element_type=\"section\" data-e-type=\"section\" data-settings=\"{&quot;background_background&quot;:&quot;classic&quot;,&quot;background_motion_fx_motion_fx_scrolling&quot;:&quot;yes&quot;,&quot;background_motion_fx_translateY_effect&quot;:&quot;yes&quot;,&quot;background_motion_fx_translateY_direction&quot;:&quot;negative&quot;,&quot;background_motion_fx_translateY_speed&quot;:{&quot;unit&quot;:&quot;px&quot;,&quot;size&quot;:10,&quot;sizes&quot;:[]},&quot;background_motion_fx_range&quot;:&quot;viewport&quot;,&quot;shape_divider_bottom&quot;:&quot;tilt&quot;,&quot;jet_parallax_layout_list&quot;:[],&quot;background_motion_fx_translateY_affectedRange&quot;:{&quot;unit&quot;:&quot;%&quot;,&quot;size&quot;:&quot;&quot;,&quot;sizes&quot;:{&quot;start&quot;:0,&quot;end&quot;:100}},&quot;background_motion_fx_devices&quot;:[&quot;desktop&quot;,&quot;tablet&quot;,&quot;mobile&quot;]}\">\n\t\t\t\t\t\t\t<div class=\"elementor-background-overlay\"><\/div>\n\t\t\t\t\t\t<div class=\"elementor-shape elementor-shape-bottom\" aria-hidden=\"true\" data-negative=\"false\">\n\t\t\t<svg xmlns=\"http:\/\/www.w3.org\/2000\/svg\" viewBox=\"0 0 1000 100\" preserveAspectRatio=\"none\">\n\t<path class=\"elementor-shape-fill\" d=\"M0,6V0h1000v100L0,6z\"\/>\n<\/svg>\t\t<\/div>\n\t\t\t\t\t<div class=\"elementor-container elementor-column-gap-default\">\n\t\t\t\t\t<div class=\"elementor-column elementor-col-100 elementor-top-column elementor-element elementor-element-f02af56\" data-id=\"f02af56\" data-element_type=\"column\" data-e-type=\"column\">\n\t\t\t<div class=\"elementor-widget-wrap elementor-element-populated\">\n\t\t\t\t\t\t<div class=\"elementor-element elementor-element-937746c elementor-widget__width-inherit elementor-widget elementor-widget-heading\" data-id=\"937746c\" data-element_type=\"widget\" data-e-type=\"widget\" data-widget_type=\"heading.default\">\n\t\t\t\t<div class=\"elementor-widget-container\">\n\t\t\t\t\t<h1 class=\"elementor-heading-title elementor-size-default\">IGAUNIJAS-NORV\u0112\u0122IJAS GREEN ICT SADARB\u012aBAS PROGRAMMA<\/h1>\t\t\t\t<\/div>\n\t\t\t\t<\/div>\n\t\t\t\t\t<\/div>\n\t\t<\/div>\n\t\t\t\t\t<\/div>\n\t\t<\/section>\n\t\t\t\t<section class=\"elementor-section elementor-top-section elementor-element elementor-element-7f4ede5 elementor-section-full_width elementor-section-height-default elementor-section-height-default\" data-id=\"7f4ede5\" data-element_type=\"section\" data-e-type=\"section\" data-settings=\"{&quot;background_background&quot;:&quot;classic&quot;,&quot;jet_parallax_layout_list&quot;:[]}\">\n\t\t\t\t\t\t<div class=\"elementor-container elementor-column-gap-default\">\n\t\t\t\t\t<div class=\"elementor-column elementor-col-100 elementor-top-column elementor-element elementor-element-5dea2fc\" data-id=\"5dea2fc\" data-element_type=\"column\" data-e-type=\"column\">\n\t\t\t<div class=\"elementor-widget-wrap elementor-element-populated\">\n\t\t\t\t\t\t<div class=\"elementor-element elementor-element-2e9b4c1 elementor-widget elementor-widget-text-editor\" data-id=\"2e9b4c1\" data-element_type=\"widget\" data-e-type=\"widget\" data-widget_type=\"text-editor.default\">\n\t\t\t\t<div class=\"elementor-widget-container\">\n\t\t\t\t\t\t\t\t\t<p style=\"font-weight: 400;\">\u0160\u012b projekta m\u0113r\u0137is ir cauru\u013cu un profila met\u0101la ra\u017eo\u0161anas procesu moderniz\u0101cija Exmet Services O\u00dc ra\u017eo\u0161an\u0101 un produktu att\u012bst\u012bba, izveidojot augst\u0101ko tehnolo\u0123iju resursus ekonom\u0113jo\u0161u cauru\u013cu met\u0101la grie\u0161anas ar l\u0101zeru centru. Projekta gait\u0101 cauru\u013cu un profila met\u0101la apstr\u0101des procesus r\u016bpn\u012bc\u0101 padara atbilsto\u0161us m\u016bsdienu tirgus pras\u012bb\u0101m, t\u0101 palielinot ra\u017eo\u0161anas jaudu, lai izgatavotu jaunus produktus eso\u0161ajiem un jaunajiem m\u0113r\u0137a tirgiem.<\/p>\t\t\t\t\t\t\t\t<\/div>\n\t\t\t\t<\/div>\n\t\t\t\t\t<\/div>\n\t\t<\/div>\n\t\t\t\t\t<\/div>\n\t\t<\/section>\n\t\t\t\t<section class=\"elementor-section elementor-top-section elementor-element elementor-element-76bf258 elementor-section-full_width elementor-section-height-default elementor-section-height-default\" data-id=\"76bf258\" data-element_type=\"section\" data-e-type=\"section\" data-settings=\"{&quot;background_background&quot;:&quot;classic&quot;,&quot;jet_parallax_layout_list&quot;:[],&quot;shape_divider_top&quot;:&quot;tilt&quot;}\">\n\t\t\t\t\t<div class=\"elementor-shape elementor-shape-top\" aria-hidden=\"true\" data-negative=\"false\">\n\t\t\t<svg xmlns=\"http:\/\/www.w3.org\/2000\/svg\" viewBox=\"0 0 1000 100\" preserveAspectRatio=\"none\">\n\t<path class=\"elementor-shape-fill\" d=\"M0,6V0h1000v100L0,6z\"\/>\n<\/svg>\t\t<\/div>\n\t\t\t\t\t<div class=\"elementor-container elementor-column-gap-default\">\n\t\t\t\t\t<div class=\"elementor-column elementor-col-100 elementor-top-column elementor-element elementor-element-ce75656\" data-id=\"ce75656\" data-element_type=\"column\" data-e-type=\"column\">\n\t\t\t<div class=\"elementor-widget-wrap elementor-element-populated\">\n\t\t\t\t\t\t<div class=\"elementor-element elementor-element-a2f2943 elementor-widget elementor-widget-text-editor\" data-id=\"a2f2943\" data-element_type=\"widget\" data-e-type=\"widget\" data-widget_type=\"text-editor.default\">\n\t\t\t\t<div class=\"elementor-widget-container\">\n\t\t\t\t\t\t\t\t\tCAURU\u013bU L\u0100ZERS\t\t\t\t\t\t\t\t<\/div>\n\t\t\t\t<\/div>\n\t\t\t\t<div class=\"elementor-element elementor-element-f8b80b2 elementor-widget__width-inherit elementor-widget elementor-widget-heading\" data-id=\"f8b80b2\" data-element_type=\"widget\" data-e-type=\"widget\" data-widget_type=\"heading.default\">\n\t\t\t\t<div class=\"elementor-widget-container\">\n\t\t\t\t\t<h1 class=\"elementor-heading-title elementor-size-default\">CAURU\u013bU UN PROFILA MET\u0100LA APSTR\u0100DES PROCESU MODERNIZ\u0112\u0160ANA<\/h1>\t\t\t\t<\/div>\n\t\t\t\t<\/div>\n\t\t\t\t<div class=\"elementor-element elementor-element-4c74b62 jedv-enabled--yes elementor-widget elementor-widget-image\" data-id=\"4c74b62\" data-element_type=\"widget\" data-e-type=\"widget\" data-widget_type=\"image.default\">\n\t\t\t\t<div class=\"elementor-widget-container\">\n\t\t\t\t\t\t\t\t\t\t\t\t\t\t\t<img fetchpriority=\"high\" decoding=\"async\" width=\"2560\" height=\"1707\" src=\"https:\/\/exmet.ee\/services\/wp-content\/uploads\/2024\/11\/MMS71965-scaled.jpg\" class=\"attachment-full size-full wp-image-18998\" alt=\"cauru\u013cu l\u0101zers, caurules l\u0101zers, profilu l\u0101zers, cauru\u013cu l\u0101zergrie\u0161ana, cauru\u013cu un profilu l\u0101zers, Exmet, Exmet pakalpojumi, profilu apstr\u0101de, cauru\u013cu apstr\u0101de\" srcset=\"https:\/\/exmet.ee\/services\/wp-content\/uploads\/2024\/11\/MMS71965-scaled.jpg 2560w, https:\/\/exmet.ee\/services\/wp-content\/uploads\/2024\/11\/MMS71965-300x200.jpg 300w, https:\/\/exmet.ee\/services\/wp-content\/uploads\/2024\/11\/MMS71965-1024x683.jpg 1024w, https:\/\/exmet.ee\/services\/wp-content\/uploads\/2024\/11\/MMS71965-768x512.jpg 768w, https:\/\/exmet.ee\/services\/wp-content\/uploads\/2024\/11\/MMS71965-1536x1024.jpg 1536w, https:\/\/exmet.ee\/services\/wp-content\/uploads\/2024\/11\/MMS71965-2048x1366.jpg 2048w\" sizes=\"(max-width: 2560px) 100vw, 2560px\" \/>\t\t\t\t\t\t\t\t\t\t\t\t\t\t\t<\/div>\n\t\t\t\t<\/div>\n\t\t\t\t<div class=\"elementor-element elementor-element-584a25d elementor-widget elementor-widget-gallery\" data-id=\"584a25d\" data-element_type=\"widget\" data-e-type=\"widget\" data-settings=\"{&quot;columns_mobile&quot;:2,&quot;lazyload&quot;:&quot;yes&quot;,&quot;gallery_layout&quot;:&quot;grid&quot;,&quot;columns&quot;:4,&quot;columns_tablet&quot;:2,&quot;gap&quot;:{&quot;unit&quot;:&quot;px&quot;,&quot;size&quot;:10,&quot;sizes&quot;:[]},&quot;gap_tablet&quot;:{&quot;unit&quot;:&quot;px&quot;,&quot;size&quot;:10,&quot;sizes&quot;:[]},&quot;gap_mobile&quot;:{&quot;unit&quot;:&quot;px&quot;,&quot;size&quot;:10,&quot;sizes&quot;:[]},&quot;link_to&quot;:&quot;file&quot;,&quot;aspect_ratio&quot;:&quot;3:2&quot;,&quot;overlay_background&quot;:&quot;yes&quot;,&quot;content_hover_animation&quot;:&quot;fade-in&quot;}\" data-widget_type=\"gallery.default\">\n\t\t\t\t<div class=\"elementor-widget-container\">\n\t\t\t\t\t\t\t<div class=\"elementor-gallery__container\">\n\t\t\t\t\t\t\t<a class=\"e-gallery-item elementor-gallery-item elementor-animated-content\" href=\"https:\/\/exmet.ee\/services\/wp-content\/uploads\/2024\/11\/MMS71213-scaled.jpg\" data-elementor-open-lightbox=\"yes\" data-elementor-lightbox-slideshow=\"584a25d\" data-e-action-hash=\"#elementor-action%3Aaction%3Dlightbox%26settings%3DeyJpZCI6MTg5NjYsInVybCI6Imh0dHBzOlwvXC9leG1ldC5lZVwvc2VydmljZXNcL3dwLWNvbnRlbnRcL3VwbG9hZHNcLzIwMjRcLzExXC9NTVM3MTIxMy1zY2FsZWQuanBnIiwic2xpZGVzaG93IjoiNTg0YTI1ZCJ9\">\n\t\t\t\t\t<div class=\"e-gallery-image elementor-gallery-item__image\" data-thumbnail=\"https:\/\/exmet.ee\/services\/wp-content\/uploads\/2024\/11\/MMS71213-768x512.jpg\" data-width=\"768\" data-height=\"512\" aria-label=\"cauru\u013cu l\u0101zers, caurules l\u0101zers, profilu l\u0101zers, cauru\u013cu l\u0101zergrie\u0161ana, cauru\u013cu un profilu l\u0101zers, Exmet, Exmet pakalpojumi, profilu apstr\u0101de, cauru\u013cu apstr\u0101de\" role=\"img\" ><\/div>\n\t\t\t\t\t\t\t\t\t\t\t<div class=\"elementor-gallery-item__overlay\"><\/div>\n\t\t\t\t\t\t\t\t\t\t\t\t\t\t<\/a>\n\t\t\t\t\t\t\t<a class=\"e-gallery-item elementor-gallery-item elementor-animated-content\" href=\"https:\/\/exmet.ee\/services\/wp-content\/uploads\/2024\/11\/MMS71922_-scaled.jpg\" data-elementor-open-lightbox=\"yes\" data-elementor-lightbox-slideshow=\"584a25d\" data-e-action-hash=\"#elementor-action%3Aaction%3Dlightbox%26settings%3DeyJpZCI6MTg5NTYsInVybCI6Imh0dHBzOlwvXC9leG1ldC5lZVwvc2VydmljZXNcL3dwLWNvbnRlbnRcL3VwbG9hZHNcLzIwMjRcLzExXC9NTVM3MTkyMl8tc2NhbGVkLmpwZyIsInNsaWRlc2hvdyI6IjU4NGEyNWQifQ%3D%3D\">\n\t\t\t\t\t<div class=\"e-gallery-image elementor-gallery-item__image\" data-thumbnail=\"https:\/\/exmet.ee\/services\/wp-content\/uploads\/2024\/11\/MMS71922_-768x512.jpg\" data-width=\"768\" data-height=\"512\" aria-label=\"cauru\u013cu l\u0101zers, caurules l\u0101zers, profilu l\u0101zers, cauru\u013cu l\u0101zergrie\u0161ana, cauru\u013cu un profilu l\u0101zers, Exmet, Exmet pakalpojumi, profilu apstr\u0101de, cauru\u013cu apstr\u0101de\" role=\"img\" ><\/div>\n\t\t\t\t\t\t\t\t\t\t\t<div class=\"elementor-gallery-item__overlay\"><\/div>\n\t\t\t\t\t\t\t\t\t\t\t\t\t\t<\/a>\n\t\t\t\t\t\t\t<a class=\"e-gallery-item elementor-gallery-item elementor-animated-content\" href=\"https:\/\/exmet.ee\/services\/wp-content\/uploads\/2024\/11\/MMS71488-scaled.jpg\" data-elementor-open-lightbox=\"yes\" data-elementor-lightbox-slideshow=\"584a25d\" data-e-action-hash=\"#elementor-action%3Aaction%3Dlightbox%26settings%3DeyJpZCI6MTg5NzYsInVybCI6Imh0dHBzOlwvXC9leG1ldC5lZVwvc2VydmljZXNcL3dwLWNvbnRlbnRcL3VwbG9hZHNcLzIwMjRcLzExXC9NTVM3MTQ4OC1zY2FsZWQuanBnIiwic2xpZGVzaG93IjoiNTg0YTI1ZCJ9\">\n\t\t\t\t\t<div class=\"e-gallery-image elementor-gallery-item__image\" data-thumbnail=\"https:\/\/exmet.ee\/services\/wp-content\/uploads\/2024\/11\/MMS71488-768x512.jpg\" data-width=\"768\" data-height=\"512\" aria-label=\"cauru\u013cu l\u0101zers, caurules l\u0101zers, profilu l\u0101zers, cauru\u013cu l\u0101zergrie\u0161ana, cauru\u013cu un profilu l\u0101zers, Exmet, Exmet pakalpojumi, profilu apstr\u0101de, cauru\u013cu apstr\u0101de\" role=\"img\" ><\/div>\n\t\t\t\t\t\t\t\t\t\t\t<div class=\"elementor-gallery-item__overlay\"><\/div>\n\t\t\t\t\t\t\t\t\t\t\t\t\t\t<\/a>\n\t\t\t\t\t\t\t<a class=\"e-gallery-item elementor-gallery-item elementor-animated-content\" href=\"https:\/\/exmet.ee\/services\/wp-content\/uploads\/2024\/11\/MMS71678-scaled.jpg\" data-elementor-open-lightbox=\"yes\" data-elementor-lightbox-slideshow=\"584a25d\" data-e-action-hash=\"#elementor-action%3Aaction%3Dlightbox%26settings%3DeyJpZCI6MTg5NjEsInVybCI6Imh0dHBzOlwvXC9leG1ldC5lZVwvc2VydmljZXNcL3dwLWNvbnRlbnRcL3VwbG9hZHNcLzIwMjRcLzExXC9NTVM3MTY3OC1zY2FsZWQuanBnIiwic2xpZGVzaG93IjoiNTg0YTI1ZCJ9\">\n\t\t\t\t\t<div class=\"e-gallery-image elementor-gallery-item__image\" data-thumbnail=\"https:\/\/exmet.ee\/services\/wp-content\/uploads\/2024\/11\/MMS71678-768x512.jpg\" data-width=\"768\" data-height=\"512\" aria-label=\"cauru\u013cu l\u0101zers, caurules l\u0101zers, profilu l\u0101zers, cauru\u013cu l\u0101zergrie\u0161ana, cauru\u013cu un profilu l\u0101zers, Exmet, Exmet pakalpojumi, profilu apstr\u0101de, cauru\u013cu apstr\u0101de\" role=\"img\" ><\/div>\n\t\t\t\t\t\t\t\t\t\t\t<div class=\"elementor-gallery-item__overlay\"><\/div>\n\t\t\t\t\t\t\t\t\t\t\t\t\t\t<\/a>\n\t\t\t\t\t<\/div>\n\t\t\t\t\t<\/div>\n\t\t\t\t<\/div>\n\t\t\t\t<section class=\"elementor-section elementor-inner-section elementor-element elementor-element-f610446 elementor-section-full_width elementor-section-height-default elementor-section-height-default\" data-id=\"f610446\" data-element_type=\"section\" data-e-type=\"section\" data-settings=\"{&quot;jet_parallax_layout_list&quot;:[]}\">\n\t\t\t\t\t\t<div class=\"elementor-container elementor-column-gap-default\">\n\t\t\t\t\t<div class=\"elementor-column elementor-col-50 elementor-inner-column elementor-element elementor-element-e3be79e\" data-id=\"e3be79e\" data-element_type=\"column\" data-e-type=\"column\">\n\t\t\t<div class=\"elementor-widget-wrap elementor-element-populated\">\n\t\t\t\t\t\t<div class=\"elementor-element elementor-element-5b8f350 e-transform elementor-widget elementor-widget-text-editor\" data-id=\"5b8f350\" data-element_type=\"widget\" data-e-type=\"widget\" data-settings=\"{&quot;_transform_translateX_effect_hover&quot;:{&quot;unit&quot;:&quot;px&quot;,&quot;size&quot;:10,&quot;sizes&quot;:[]},&quot;_transform_translateX_effect_hover_tablet&quot;:{&quot;unit&quot;:&quot;px&quot;,&quot;size&quot;:&quot;&quot;,&quot;sizes&quot;:[]},&quot;_transform_translateX_effect_hover_mobile&quot;:{&quot;unit&quot;:&quot;px&quot;,&quot;size&quot;:&quot;&quot;,&quot;sizes&quot;:[]},&quot;_transform_translateY_effect_hover&quot;:{&quot;unit&quot;:&quot;px&quot;,&quot;size&quot;:&quot;&quot;,&quot;sizes&quot;:[]},&quot;_transform_translateY_effect_hover_tablet&quot;:{&quot;unit&quot;:&quot;px&quot;,&quot;size&quot;:&quot;&quot;,&quot;sizes&quot;:[]},&quot;_transform_translateY_effect_hover_mobile&quot;:{&quot;unit&quot;:&quot;px&quot;,&quot;size&quot;:&quot;&quot;,&quot;sizes&quot;:[]}}\" data-widget_type=\"text-editor.default\">\n\t\t\t\t<div class=\"elementor-widget-container\">\n\t\t\t\t\t\t\t\t\tPOTENCI\u0100LS:\t\t\t\t\t\t\t\t<\/div>\n\t\t\t\t<\/div>\n\t\t\t\t<div class=\"elementor-element elementor-element-69ec528 elementor-icon-list--layout-traditional elementor-list-item-link-full_width elementor-widget elementor-widget-icon-list\" data-id=\"69ec528\" data-element_type=\"widget\" data-e-type=\"widget\" data-widget_type=\"icon-list.default\">\n\t\t\t\t<div class=\"elementor-widget-container\">\n\t\t\t\t\t\t\t<ul class=\"elementor-icon-list-items\">\n\t\t\t\t\t\t\t<li class=\"elementor-icon-list-item\">\n\t\t\t\t\t\t\t\t\t\t\t<span class=\"elementor-icon-list-icon\">\n\t\t\t\t\t\t\t<svg xmlns=\"http:\/\/www.w3.org\/2000\/svg\" id=\"Layer_2\" width=\"132\" height=\"168\" viewBox=\"0 0 132 168\"><defs><style>.cls-1{fill:#00a72d;}<\/style><\/defs><g id=\"SvgjsSvg1013\"><g id=\"SvgjsG1015\"><path class=\"cls-1\" d=\"m0,0v168l132-84L0,0Z\"><\/path><\/g><\/g><\/svg>\t\t\t\t\t\t<\/span>\n\t\t\t\t\t\t\t\t\t\t<span class=\"elementor-icon-list-text\">12,5 m profilu apstr\u0101de<\/span>\n\t\t\t\t\t\t\t\t\t<\/li>\n\t\t\t\t\t\t\t\t<li class=\"elementor-icon-list-item\">\n\t\t\t\t\t\t\t\t\t\t\t<span class=\"elementor-icon-list-icon\">\n\t\t\t\t\t\t\t<svg xmlns=\"http:\/\/www.w3.org\/2000\/svg\" id=\"Layer_2\" width=\"132\" height=\"168\" viewBox=\"0 0 132 168\"><defs><style>.cls-1{fill:#00a72d;}<\/style><\/defs><g id=\"SvgjsSvg1013\"><g id=\"SvgjsG1015\"><path class=\"cls-1\" d=\"m0,0v168l132-84L0,0Z\"><\/path><\/g><\/g><\/svg>\t\t\t\t\t\t<\/span>\n\t\t\t\t\t\t\t\t\t\t<span class=\"elementor-icon-list-text\">3D grie\u0161ana<\/span>\n\t\t\t\t\t\t\t\t\t<\/li>\n\t\t\t\t\t\t\t\t<li class=\"elementor-icon-list-item\">\n\t\t\t\t\t\t\t\t\t\t\t<span class=\"elementor-icon-list-icon\">\n\t\t\t\t\t\t\t<svg xmlns=\"http:\/\/www.w3.org\/2000\/svg\" id=\"Layer_2\" width=\"132\" height=\"168\" viewBox=\"0 0 132 168\"><defs><style>.cls-1{fill:#00a72d;}<\/style><\/defs><g id=\"SvgjsSvg1013\"><g id=\"SvgjsG1015\"><path class=\"cls-1\" d=\"m0,0v168l132-84L0,0Z\"><\/path><\/g><\/g><\/svg>\t\t\t\t\t\t<\/span>\n\t\t\t\t\t\t\t\t\t\t<span class=\"elementor-icon-list-text\">Atveru urb\u0161ana<\/span>\n\t\t\t\t\t\t\t\t\t<\/li>\n\t\t\t\t\t\t\t\t<li class=\"elementor-icon-list-item\">\n\t\t\t\t\t\t\t\t\t\t\t<span class=\"elementor-icon-list-icon\">\n\t\t\t\t\t\t\t<svg xmlns=\"http:\/\/www.w3.org\/2000\/svg\" id=\"Layer_2\" width=\"132\" height=\"168\" viewBox=\"0 0 132 168\"><defs><style>.cls-1{fill:#00a72d;}<\/style><\/defs><g id=\"SvgjsSvg1013\"><g id=\"SvgjsG1015\"><path class=\"cls-1\" d=\"m0,0v168l132-84L0,0Z\"><\/path><\/g><\/g><\/svg>\t\t\t\t\t\t<\/span>\n\t\t\t\t\t\t\t\t\t\t<span class=\"elementor-icon-list-text\">Atveru v\u012bt\u0146u veido\u0161ana<\/span>\n\t\t\t\t\t\t\t\t\t<\/li>\n\t\t\t\t\t\t\t\t<li class=\"elementor-icon-list-item\">\n\t\t\t\t\t\t\t\t\t\t\t<span class=\"elementor-icon-list-icon\">\n\t\t\t\t\t\t\t<svg xmlns=\"http:\/\/www.w3.org\/2000\/svg\" id=\"Layer_2\" width=\"132\" height=\"168\" viewBox=\"0 0 132 168\"><defs><style>.cls-1{fill:#00a72d;}<\/style><\/defs><g id=\"SvgjsSvg1013\"><g id=\"SvgjsG1015\"><path class=\"cls-1\" d=\"m0,0v168l132-84L0,0Z\"><\/path><\/g><\/g><\/svg>\t\t\t\t\t\t<\/span>\n\t\t\t\t\t\t\t\t\t\t<span class=\"elementor-icon-list-text\">Maksim\u0101lais profila svars: 300 kg\/m<\/span>\n\t\t\t\t\t\t\t\t\t<\/li>\n\t\t\t\t\t\t\t\t<li class=\"elementor-icon-list-item\">\n\t\t\t\t\t\t\t\t\t\t\t<span class=\"elementor-icon-list-icon\">\n\t\t\t\t\t\t\t<svg xmlns=\"http:\/\/www.w3.org\/2000\/svg\" id=\"Layer_2\" width=\"132\" height=\"168\" viewBox=\"0 0 132 168\"><defs><style>.cls-1{fill:#00a72d;}<\/style><\/defs><g id=\"SvgjsSvg1013\"><g id=\"SvgjsG1015\"><path class=\"cls-1\" d=\"m0,0v168l132-84L0,0Z\"><\/path><\/g><\/g><\/svg>\t\t\t\t\t\t<\/span>\n\t\t\t\t\t\t\t\t\t\t<span class=\"elementor-icon-list-text\">Maksim\u0101lais apa\u013ccaurules diametrs: 610 mm<\/span>\n\t\t\t\t\t\t\t\t\t<\/li>\n\t\t\t\t\t\t\t\t<li class=\"elementor-icon-list-item\">\n\t\t\t\t\t\t\t\t\t\t\t<span class=\"elementor-icon-list-icon\">\n\t\t\t\t\t\t\t<svg xmlns=\"http:\/\/www.w3.org\/2000\/svg\" id=\"Layer_2\" width=\"132\" height=\"168\" viewBox=\"0 0 132 168\"><defs><style>.cls-1{fill:#00a72d;}<\/style><\/defs><g id=\"SvgjsSvg1013\"><g id=\"SvgjsG1015\"><path class=\"cls-1\" d=\"m0,0v168l132-84L0,0Z\"><\/path><\/g><\/g><\/svg>\t\t\t\t\t\t<\/span>\n\t\t\t\t\t\t\t\t\t\t<span class=\"elementor-icon-list-text\">Maksim\u0101lais \u010detrkan\u0161u caurules izm\u0113rs: 400 \u00d7 400 mm<\/span>\n\t\t\t\t\t\t\t\t\t<\/li>\n\t\t\t\t\t\t\t\t<li class=\"elementor-icon-list-item\">\n\t\t\t\t\t\t\t\t\t\t\t<span class=\"elementor-icon-list-icon\">\n\t\t\t\t\t\t\t<svg xmlns=\"http:\/\/www.w3.org\/2000\/svg\" id=\"Layer_2\" width=\"132\" height=\"168\" viewBox=\"0 0 132 168\"><defs><style>.cls-1{fill:#00a72d;}<\/style><\/defs><g id=\"SvgjsSvg1013\"><g id=\"SvgjsG1015\"><path class=\"cls-1\" d=\"m0,0v168l132-84L0,0Z\"><\/path><\/g><\/g><\/svg>\t\t\t\t\t\t<\/span>\n\t\t\t\t\t\t\t\t\t\t<span class=\"elementor-icon-list-text\">Maksim\u0101lie siju izm\u0113ri: HEA 400, HEB 300, IPE 500, UPN 400<\/span>\n\t\t\t\t\t\t\t\t\t<\/li>\n\t\t\t\t\t\t<\/ul>\n\t\t\t\t\t\t<\/div>\n\t\t\t\t<\/div>\n\t\t\t\t\t<\/div>\n\t\t<\/div>\n\t\t\t\t<div class=\"elementor-column elementor-col-50 elementor-inner-column elementor-element elementor-element-a60b2f0\" data-id=\"a60b2f0\" data-element_type=\"column\" data-e-type=\"column\">\n\t\t\t<div class=\"elementor-widget-wrap elementor-element-populated\">\n\t\t\t\t\t\t<div class=\"elementor-element elementor-element-272b1fd elementor-widget elementor-widget-image\" data-id=\"272b1fd\" data-element_type=\"widget\" data-e-type=\"widget\" data-widget_type=\"image.default\">\n\t\t\t\t<div class=\"elementor-widget-container\">\n\t\t\t\t\t\t\t\t\t\t\t\t\t\t\t<img decoding=\"async\" width=\"800\" height=\"372\" src=\"https:\/\/exmet.ee\/services\/wp-content\/uploads\/2023\/07\/EAS_Norway-Grants_Varviline-1-2-1024x476.jpg\" class=\"attachment-large size-large wp-image-18274\" alt=\"\" srcset=\"https:\/\/exmet.ee\/services\/wp-content\/uploads\/2023\/07\/EAS_Norway-Grants_Varviline-1-2-1024x476.jpg 1024w, https:\/\/exmet.ee\/services\/wp-content\/uploads\/2023\/07\/EAS_Norway-Grants_Varviline-1-2-300x139.jpg 300w, https:\/\/exmet.ee\/services\/wp-content\/uploads\/2023\/07\/EAS_Norway-Grants_Varviline-1-2-768x357.jpg 768w, https:\/\/exmet.ee\/services\/wp-content\/uploads\/2023\/07\/EAS_Norway-Grants_Varviline-1-2.jpg 1182w\" sizes=\"(max-width: 800px) 100vw, 800px\" \/>\t\t\t\t\t\t\t\t\t\t\t\t\t\t\t<\/div>\n\t\t\t\t<\/div>\n\t\t\t\t\t<\/div>\n\t\t<\/div>\n\t\t\t\t\t<\/div>\n\t\t<\/section>\n\t\t\t\t\t<\/div>\n\t\t<\/div>\n\t\t\t\t\t<\/div>\n\t\t<\/section>\n\t\t\t\t<\/div>\n\t\t","protected":false},"excerpt":{"rendered":"<p>IGAUNIJAS-NORV\u0112\u0122IJAS GREEN ICT SADARB\u012aBAS PROGRAMMA \u0160\u012b projekta m\u0113r\u0137is ir cauru\u013cu un profila met\u0101la ra\u017eo\u0161anas procesu moderniz\u0101cija Exmet Services O\u00dc ra\u017eo\u0161an\u0101 un produktu att\u012bst\u012bba, izveidojot augst\u0101ko tehnolo\u0123iju resursus ekonom\u0113jo\u0161u cauru\u013cu met\u0101la grie\u0161anas ar l\u0101zeru centru. Projekta gait\u0101 cauru\u013cu un profila met\u0101la apstr\u0101des procesus r\u016bpn\u012bc\u0101 padara atbilsto\u0161us m\u016bsdienu tirgus pras\u012bb\u0101m, t\u0101 palielinot ra\u017eo\u0161anas jaudu, lai izgatavotu jaunus [&hellip;]<\/p>\n","protected":false},"author":2,"featured_media":19003,"parent":0,"menu_order":11,"comment_status":"closed","ping_status":"closed","template":"elementor_header_footer","meta":{"footnotes":""},"class_list":["post-18571","page","type-page","status-publish","has-post-thumbnail","hentry"],"_links":{"self":[{"href":"https:\/\/exmet.ee\/services\/lv\/wp-json\/wp\/v2\/pages\/18571","targetHints":{"allow":["GET"]}}],"collection":[{"href":"https:\/\/exmet.ee\/services\/lv\/wp-json\/wp\/v2\/pages"}],"about":[{"href":"https:\/\/exmet.ee\/services\/lv\/wp-json\/wp\/v2\/types\/page"}],"author":[{"embeddable":true,"href":"https:\/\/exmet.ee\/services\/lv\/wp-json\/wp\/v2\/users\/2"}],"replies":[{"embeddable":true,"href":"https:\/\/exmet.ee\/services\/lv\/wp-json\/wp\/v2\/comments?post=18571"}],"version-history":[{"count":22,"href":"https:\/\/exmet.ee\/services\/lv\/wp-json\/wp\/v2\/pages\/18571\/revisions"}],"predecessor-version":[{"id":19336,"href":"https:\/\/exmet.ee\/services\/lv\/wp-json\/wp\/v2\/pages\/18571\/revisions\/19336"}],"wp:featuredmedia":[{"embeddable":true,"href":"https:\/\/exmet.ee\/services\/lv\/wp-json\/wp\/v2\/media\/19003"}],"wp:attachment":[{"href":"https:\/\/exmet.ee\/services\/lv\/wp-json\/wp\/v2\/media?parent=18571"}],"curies":[{"name":"wp","href":"https:\/\/api.w.org\/{rel}","templated":true}]}}