{"id":14659,"date":"2023-07-06T06:07:24","date_gmt":"2023-07-06T06:07:24","guid":{"rendered":"https:\/\/exmet.ee\/services\/lehetootlus\/"},"modified":"2024-06-11T07:25:26","modified_gmt":"2024-06-11T07:25:26","slug":"platbearbetning","status":"publish","type":"page","link":"https:\/\/exmet.ee\/services\/sv\/platbearbetning\/","title":{"rendered":"PL\u00c5TBEARBETNING"},"content":{"rendered":"\t\t<div data-elementor-type=\"wp-page\" data-elementor-id=\"14659\" class=\"elementor elementor-14659 elementor-10875\" data-elementor-post-type=\"page\">\n\t\t\t\t\t\t<section class=\"elementor-section elementor-top-section elementor-element elementor-element-7a7bfa5 elementor-section-full_width elementor-section-height-min-height elementor-section-height-default elementor-section-items-middle\" data-id=\"7a7bfa5\" data-element_type=\"section\" data-e-type=\"section\" data-settings=\"{&quot;background_background&quot;:&quot;classic&quot;,&quot;background_motion_fx_motion_fx_scrolling&quot;:&quot;yes&quot;,&quot;background_motion_fx_translateY_effect&quot;:&quot;yes&quot;,&quot;background_motion_fx_translateY_direction&quot;:&quot;negative&quot;,&quot;background_motion_fx_translateY_speed&quot;:{&quot;unit&quot;:&quot;px&quot;,&quot;size&quot;:10,&quot;sizes&quot;:[]},&quot;background_motion_fx_range&quot;:&quot;viewport&quot;,&quot;shape_divider_bottom&quot;:&quot;tilt&quot;,&quot;jet_parallax_layout_list&quot;:[],&quot;background_motion_fx_translateY_affectedRange&quot;:{&quot;unit&quot;:&quot;%&quot;,&quot;size&quot;:&quot;&quot;,&quot;sizes&quot;:{&quot;start&quot;:0,&quot;end&quot;:100}},&quot;background_motion_fx_devices&quot;:[&quot;desktop&quot;,&quot;tablet&quot;,&quot;mobile&quot;]}\">\n\t\t\t\t\t\t\t<div class=\"elementor-background-overlay\"><\/div>\n\t\t\t\t\t\t<div class=\"elementor-shape elementor-shape-bottom\" aria-hidden=\"true\" data-negative=\"false\">\n\t\t\t<svg xmlns=\"http:\/\/www.w3.org\/2000\/svg\" viewBox=\"0 0 1000 100\" preserveAspectRatio=\"none\">\n\t<path class=\"elementor-shape-fill\" d=\"M0,6V0h1000v100L0,6z\"\/>\n<\/svg>\t\t<\/div>\n\t\t\t\t\t<div class=\"elementor-container elementor-column-gap-default\">\n\t\t\t\t\t<div class=\"elementor-column elementor-col-100 elementor-top-column elementor-element elementor-element-e848da0\" data-id=\"e848da0\" data-element_type=\"column\" data-e-type=\"column\">\n\t\t\t<div class=\"elementor-widget-wrap elementor-element-populated\">\n\t\t\t\t\t\t<div class=\"elementor-element elementor-element-be44025 elementor-widget__width-inherit elementor-widget elementor-widget-heading\" data-id=\"be44025\" data-element_type=\"widget\" data-e-type=\"widget\" data-widget_type=\"heading.default\">\n\t\t\t\t<div class=\"elementor-widget-container\">\n\t\t\t\t\t<h1 class=\"elementor-heading-title elementor-size-default\">PL\u00c5TBEARBETNING<\/h1>\t\t\t\t<\/div>\n\t\t\t\t<\/div>\n\t\t\t\t\t<\/div>\n\t\t<\/div>\n\t\t\t\t\t<\/div>\n\t\t<\/section>\n\t\t\t\t<section class=\"elementor-section elementor-top-section elementor-element elementor-element-ec36cd7 elementor-section-full_width elementor-section-height-default elementor-section-height-default\" data-id=\"ec36cd7\" data-element_type=\"section\" data-e-type=\"section\" data-settings=\"{&quot;background_background&quot;:&quot;classic&quot;,&quot;jet_parallax_layout_list&quot;:[]}\">\n\t\t\t\t\t\t<div class=\"elementor-container elementor-column-gap-default\">\n\t\t\t\t\t<div class=\"elementor-column elementor-col-100 elementor-top-column elementor-element elementor-element-d3e9265\" data-id=\"d3e9265\" data-element_type=\"column\" data-e-type=\"column\">\n\t\t\t<div class=\"elementor-widget-wrap elementor-element-populated\">\n\t\t\t\t\t\t<div class=\"elementor-element elementor-element-fb73278 elementor-widget elementor-widget-text-editor\" data-id=\"fb73278\" data-element_type=\"widget\" data-e-type=\"widget\" data-widget_type=\"text-editor.default\">\n\t\t\t\t<div class=\"elementor-widget-container\">\n\t\t\t\t\t\t\t\t\t<p>V\u00e5ra tj\u00e4nster omfattar flera typer av pl\u00e5tbearbetning, s\u00e5som plasma- och gassk\u00e4rning, lasersk\u00e4rning, bockning, kantbearbetning och fasning, men ocks\u00e5 korrekt m\u00e4rkning och f\u00f6rpackning av produkter. Det g\u00f6r att delarna du best\u00e4ller uppfyller h\u00f6gsta standard.<\/p><p>V\u00e5rt starka team och toppmoderna utrustning s\u00e4kerst\u00e4ller ett resultat som \u00e4r utformat efter dina projektspecifika behov.<\/p>\t\t\t\t\t\t\t\t<\/div>\n\t\t\t\t<\/div>\n\t\t\t\t<div class=\"elementor-element elementor-element-ad7961f elementor-widget elementor-widget-text-editor\" data-id=\"ad7961f\" data-element_type=\"widget\" data-e-type=\"widget\" data-widget_type=\"text-editor.default\">\n\t\t\t\t<div class=\"elementor-widget-container\">\n\t\t\t\t\t\t\t\t\t<p><strong>L\u00e4s om v\u00e5ra pl\u00e5tbearbetningstj\u00e4nster och kontakta oss.<\/strong><\/p>\t\t\t\t\t\t\t\t<\/div>\n\t\t\t\t<\/div>\n\t\t\t\t\t<\/div>\n\t\t<\/div>\n\t\t\t\t\t<\/div>\n\t\t<\/section>\n\t\t\t\t<section class=\"elementor-section elementor-top-section elementor-element elementor-element-539c94a elementor-section-full_width elementor-section-height-default elementor-section-height-default\" data-id=\"539c94a\" data-element_type=\"section\" data-e-type=\"section\" data-settings=\"{&quot;jet_parallax_layout_list&quot;:[],&quot;background_background&quot;:&quot;classic&quot;,&quot;shape_divider_bottom&quot;:&quot;tilt&quot;}\">\n\t\t\t\t\t\t\t<div class=\"elementor-background-overlay\"><\/div>\n\t\t\t\t\t\t<div class=\"elementor-shape elementor-shape-bottom\" aria-hidden=\"true\" data-negative=\"false\">\n\t\t\t<svg xmlns=\"http:\/\/www.w3.org\/2000\/svg\" viewBox=\"0 0 1000 100\" preserveAspectRatio=\"none\">\n\t<path class=\"elementor-shape-fill\" d=\"M0,6V0h1000v100L0,6z\"\/>\n<\/svg>\t\t<\/div>\n\t\t\t\t\t<div class=\"elementor-container elementor-column-gap-default\">\n\t\t\t\t\t<div class=\"elementor-column elementor-col-100 elementor-top-column elementor-element elementor-element-492412a\" data-id=\"492412a\" data-element_type=\"column\" data-e-type=\"column\">\n\t\t\t<div class=\"elementor-widget-wrap elementor-element-populated\">\n\t\t\t\t\t\t<section class=\"elementor-section elementor-inner-section elementor-element elementor-element-c0418df elementor-section-full_width elementor-section-height-default elementor-section-height-default\" data-id=\"c0418df\" data-element_type=\"section\" data-e-type=\"section\" data-settings=\"{&quot;jet_parallax_layout_list&quot;:[]}\">\n\t\t\t\t\t\t<div class=\"elementor-container elementor-column-gap-default\">\n\t\t\t\t\t<div class=\"elementor-column elementor-col-25 elementor-inner-column elementor-element elementor-element-b9e7641\" data-id=\"b9e7641\" data-element_type=\"column\" data-e-type=\"column\">\n\t\t\t<div class=\"elementor-widget-wrap elementor-element-populated\">\n\t\t\t\t\t\t<div class=\"elementor-element elementor-element-57dc9fb elementor-widget elementor-widget-image\" data-id=\"57dc9fb\" data-element_type=\"widget\" data-e-type=\"widget\" data-widget_type=\"image.default\">\n\t\t\t\t<div class=\"elementor-widget-container\">\n\t\t\t\t\t\t\t\t\t\t\t\t\t\t\t\t<a href=\"https:\/\/exmet.ee\/services\/sv\/platbearbetning\/plasma-och-gasskarning\/\">\n\t\t\t\t\t\t\t<img decoding=\"async\" src=\"https:\/\/exmet.ee\/services\/wp-content\/uploads\/elementor\/thumbs\/Plasmaloikus-1-qmjs8jpvd6560v05fgq385gxp8cr2exfxxpyof321s.webp\" title=\"PLASMA- OCH GASSK\u00c4RNING\" alt=\"PLASMA- OCH GASSK\u00c4RNING, Plasma- ja gaasil\u00f5ikus, Plasmal\u00f5ikus, gaasil\u00f5ikus, lehet\u00f6\u00f6tlus, exmet services\" loading=\"lazy\" \/>\t\t\t\t\t\t\t\t<\/a>\n\t\t\t\t\t\t\t\t\t\t\t\t\t\t\t<\/div>\n\t\t\t\t<\/div>\n\t\t\t\t<div class=\"elementor-element elementor-element-35fc0c9 elementor-widget elementor-widget-heading\" data-id=\"35fc0c9\" data-element_type=\"widget\" data-e-type=\"widget\" data-widget_type=\"heading.default\">\n\t\t\t\t<div class=\"elementor-widget-container\">\n\t\t\t\t\t<h2 class=\"elementor-heading-title elementor-size-default\"><a href=\"https:\/\/exmet.ee\/services\/sv\/platbearbetning\/plasma-och-gasskarning\/\">PLASMA- OCH GASSK\u00c4RNING<\/a><\/h2>\t\t\t\t<\/div>\n\t\t\t\t<\/div>\n\t\t\t\t\t<\/div>\n\t\t<\/div>\n\t\t\t\t<div class=\"elementor-column elementor-col-25 elementor-inner-column elementor-element elementor-element-60307cc\" data-id=\"60307cc\" data-element_type=\"column\" data-e-type=\"column\">\n\t\t\t<div class=\"elementor-widget-wrap elementor-element-populated\">\n\t\t\t\t\t\t<div class=\"elementor-element elementor-element-a88884e elementor-widget elementor-widget-image\" data-id=\"a88884e\" data-element_type=\"widget\" data-e-type=\"widget\" data-widget_type=\"image.default\">\n\t\t\t\t<div class=\"elementor-widget-container\">\n\t\t\t\t\t\t\t\t\t\t\t\t\t\t\t\t<a href=\"https:\/\/exmet.ee\/services\/sv\/platbearbetning\/laserskarning\/\">\n\t\t\t\t\t\t\t<img decoding=\"async\" src=\"https:\/\/exmet.ee\/services\/wp-content\/uploads\/elementor\/thumbs\/Laserloikus-1-qmjs8mjdxo90zow1yzxyxmrbhdyupi8mybof48yvj4.webp\" title=\"Laserlo\u0303ikus\" alt=\"laserl\u00f5ikus, exmet services, metalli laserl\u00f5ikus, laser\" loading=\"lazy\" \/>\t\t\t\t\t\t\t\t<\/a>\n\t\t\t\t\t\t\t\t\t\t\t\t\t\t\t<\/div>\n\t\t\t\t<\/div>\n\t\t\t\t<div class=\"elementor-element elementor-element-e3a17d6 elementor-widget elementor-widget-heading\" data-id=\"e3a17d6\" data-element_type=\"widget\" data-e-type=\"widget\" data-widget_type=\"heading.default\">\n\t\t\t\t<div class=\"elementor-widget-container\">\n\t\t\t\t\t<h2 class=\"elementor-heading-title elementor-size-default\"><a href=\"https:\/\/exmet.ee\/services\/sv\/platbearbetning\/laserskarning\/\">LASERSK\u00c4RNING<\/a><\/h2>\t\t\t\t<\/div>\n\t\t\t\t<\/div>\n\t\t\t\t\t<\/div>\n\t\t<\/div>\n\t\t\t\t<div class=\"elementor-column elementor-col-25 elementor-inner-column elementor-element elementor-element-368bf27\" data-id=\"368bf27\" data-element_type=\"column\" data-e-type=\"column\">\n\t\t\t<div class=\"elementor-widget-wrap elementor-element-populated\">\n\t\t\t\t\t\t<div class=\"elementor-element elementor-element-cefe0de elementor-widget elementor-widget-image\" data-id=\"cefe0de\" data-element_type=\"widget\" data-e-type=\"widget\" data-widget_type=\"image.default\">\n\t\t\t\t<div class=\"elementor-widget-container\">\n\t\t\t\t\t\t\t\t\t\t\t\t\t\t\t\t<a href=\"https:\/\/exmet.ee\/services\/sv\/platbearbetning\/bockning-av-stalplat\/\">\n\t\t\t\t\t\t\t<img decoding=\"async\" src=\"https:\/\/exmet.ee\/services\/wp-content\/uploads\/elementor\/thumbs\/Painutamine-1-qmjs8lljqu7qo2xf4hjcd4zuw03hht4wm70xmz09pc.webp\" title=\"Painutamine\" alt=\"Painutamine\" loading=\"lazy\" \/>\t\t\t\t\t\t\t\t<\/a>\n\t\t\t\t\t\t\t\t\t\t\t\t\t\t\t<\/div>\n\t\t\t\t<\/div>\n\t\t\t\t<div class=\"elementor-element elementor-element-1caeb9c elementor-widget elementor-widget-heading\" data-id=\"1caeb9c\" data-element_type=\"widget\" data-e-type=\"widget\" data-widget_type=\"heading.default\">\n\t\t\t\t<div class=\"elementor-widget-container\">\n\t\t\t\t\t<h2 class=\"elementor-heading-title elementor-size-default\"><a href=\"https:\/\/exmet.ee\/services\/sv\/platbearbetning\/bockning-av-stalplat\/\">BOCKNING AV ST\u00c5LPL\u00c5T<\/a><\/h2>\t\t\t\t<\/div>\n\t\t\t\t<\/div>\n\t\t\t\t\t<\/div>\n\t\t<\/div>\n\t\t\t\t<div class=\"elementor-column elementor-col-25 elementor-inner-column elementor-element elementor-element-1ea4c9e\" data-id=\"1ea4c9e\" data-element_type=\"column\" data-e-type=\"column\">\n\t\t\t<div class=\"elementor-widget-wrap elementor-element-populated\">\n\t\t\t\t\t\t<div class=\"elementor-element elementor-element-035586f elementor-widget elementor-widget-image\" data-id=\"035586f\" data-element_type=\"widget\" data-e-type=\"widget\" data-widget_type=\"image.default\">\n\t\t\t\t<div class=\"elementor-widget-container\">\n\t\t\t\t\t\t\t\t\t\t\t\t\t\t\t\t<a href=\"https:\/\/exmet.ee\/services\/sv\/platbearbetning\/kantbearbetning\/\">\n\t\t\t\t\t\t\t<img decoding=\"async\" src=\"https:\/\/exmet.ee\/services\/wp-content\/uploads\/elementor\/thumbs\/Servatootlus-qmjpkkf5i6r4iaf5vz5imdei0tfh31w5evl2j9e9eo.webp\" title=\"Servato\u0308o\u0308tlus\" alt=\"servat\u00f6\u00f6tlus, puhastus ja servat\u00f6\u00f6tlus, timesavers\" loading=\"lazy\" \/>\t\t\t\t\t\t\t\t<\/a>\n\t\t\t\t\t\t\t\t\t\t\t\t\t\t\t<\/div>\n\t\t\t\t<\/div>\n\t\t\t\t<div class=\"elementor-element elementor-element-2100907 elementor-widget elementor-widget-heading\" data-id=\"2100907\" data-element_type=\"widget\" data-e-type=\"widget\" data-widget_type=\"heading.default\">\n\t\t\t\t<div class=\"elementor-widget-container\">\n\t\t\t\t\t<h2 class=\"elementor-heading-title elementor-size-default\"><a href=\"https:\/\/exmet.ee\/services\/sv\/platbearbetning\/kantbearbetning\/\">KANTBEARBETNING<\/a><\/h2>\t\t\t\t<\/div>\n\t\t\t\t<\/div>\n\t\t\t\t\t<\/div>\n\t\t<\/div>\n\t\t\t\t\t<\/div>\n\t\t<\/section>\n\t\t\t\t<section class=\"elementor-section elementor-inner-section elementor-element elementor-element-2e05fbb elementor-section-full_width elementor-section-height-default elementor-section-height-default\" data-id=\"2e05fbb\" data-element_type=\"section\" data-e-type=\"section\" data-settings=\"{&quot;jet_parallax_layout_list&quot;:[]}\">\n\t\t\t\t\t\t<div class=\"elementor-container elementor-column-gap-default\">\n\t\t\t\t\t<div class=\"elementor-column elementor-col-25 elementor-inner-column elementor-element elementor-element-82522c8\" data-id=\"82522c8\" data-element_type=\"column\" data-e-type=\"column\">\n\t\t\t<div class=\"elementor-widget-wrap elementor-element-populated\">\n\t\t\t\t\t\t<div class=\"elementor-element elementor-element-3d90452 elementor-widget elementor-widget-image\" data-id=\"3d90452\" data-element_type=\"widget\" data-e-type=\"widget\" data-widget_type=\"image.default\">\n\t\t\t\t<div class=\"elementor-widget-container\">\n\t\t\t\t\t\t\t\t\t\t\t\t\t\t\t\t<a href=\"https:\/\/exmet.ee\/services\/sv\/fasning\/\">\n\t\t\t\t\t\t\t<img decoding=\"async\" src=\"https:\/\/exmet.ee\/services\/wp-content\/uploads\/elementor\/thumbs\/MMS72827-1-scaled-qox3ezz5djsyx6vhd6xjwlopze3ppl74j9hyoh1ag0.jpg\" title=\"fasning\" alt=\"fasning, exmet\" loading=\"lazy\" \/>\t\t\t\t\t\t\t\t<\/a>\n\t\t\t\t\t\t\t\t\t\t\t\t\t\t\t<\/div>\n\t\t\t\t<\/div>\n\t\t\t\t<div class=\"elementor-element elementor-element-4e3467e elementor-widget elementor-widget-heading\" data-id=\"4e3467e\" data-element_type=\"widget\" data-e-type=\"widget\" data-widget_type=\"heading.default\">\n\t\t\t\t<div class=\"elementor-widget-container\">\n\t\t\t\t\t<h2 class=\"elementor-heading-title elementor-size-default\"><a href=\"https:\/\/exmet.ee\/services\/sv\/fasning\/\">FASNING<\/a><\/h2>\t\t\t\t<\/div>\n\t\t\t\t<\/div>\n\t\t\t\t\t<\/div>\n\t\t<\/div>\n\t\t\t\t<div class=\"elementor-column elementor-col-25 elementor-inner-column elementor-element elementor-element-6df5c23\" data-id=\"6df5c23\" data-element_type=\"column\" data-e-type=\"column\">\n\t\t\t<div class=\"elementor-widget-wrap elementor-element-populated\">\n\t\t\t\t\t\t<div class=\"elementor-element elementor-element-c7a80dc elementor-widget elementor-widget-image\" data-id=\"c7a80dc\" data-element_type=\"widget\" data-e-type=\"widget\" data-widget_type=\"image.default\">\n\t\t\t\t<div class=\"elementor-widget-container\">\n\t\t\t\t\t\t\t\t\t\t\t\t\t\t\t\t<a href=\"https:\/\/exmet.ee\/services\/sv\/kulblastring\/\">\n\t\t\t\t\t\t\t<img decoding=\"async\" src=\"https:\/\/exmet.ee\/services\/wp-content\/uploads\/elementor\/thumbs\/haaveldamine-qmjs8of2bcblmwtbo0r82ma8o5pl4wg3mkze2sw36o.webp\" title=\"haaveldamine\" alt=\"haaveldamine\" loading=\"lazy\" \/>\t\t\t\t\t\t\t\t<\/a>\n\t\t\t\t\t\t\t\t\t\t\t\t\t\t\t<\/div>\n\t\t\t\t<\/div>\n\t\t\t\t<div class=\"elementor-element elementor-element-0130015 elementor-widget elementor-widget-heading\" data-id=\"0130015\" data-element_type=\"widget\" data-e-type=\"widget\" data-widget_type=\"heading.default\">\n\t\t\t\t<div class=\"elementor-widget-container\">\n\t\t\t\t\t<h2 class=\"elementor-heading-title elementor-size-default\"><a href=\"https:\/\/exmet.ee\/services\/sv\/kulblastring\/\">KULBL\u00c4STRING<\/a><\/h2>\t\t\t\t<\/div>\n\t\t\t\t<\/div>\n\t\t\t\t\t<\/div>\n\t\t<\/div>\n\t\t\t\t<div class=\"elementor-column elementor-col-25 elementor-inner-column elementor-element elementor-element-5c62793\" data-id=\"5c62793\" data-element_type=\"column\" data-e-type=\"column\">\n\t\t\t<div class=\"elementor-widget-wrap elementor-element-populated\">\n\t\t\t\t\t\t<div class=\"elementor-element elementor-element-ae1ba3e elementor-widget elementor-widget-image\" data-id=\"ae1ba3e\" data-element_type=\"widget\" data-e-type=\"widget\" data-widget_type=\"image.default\">\n\t\t\t\t<div class=\"elementor-widget-container\">\n\t\t\t\t\t\t\t\t\t\t\t\t\t\t\t\t<a href=\"https:\/\/exmet.ee\/services\/sv\/markning-och-forpackning\/\">\n\t\t\t\t\t\t\t<img decoding=\"async\" src=\"https:\/\/exmet.ee\/services\/wp-content\/uploads\/elementor\/thumbs\/markeerimine-qmjs8nh84iabbauoticli4is2ru7x7cdagbwlixhcw.webp\" title=\"M\u00c4RKNING OCH F\u00d6RPACKNING\" alt=\"M\u00c4RKNING OCH F\u00d6RPACKNING, M\u00c4RKNING, markeerimine, pakendamine, metalli markeerimine, exmet services, exmet, pakendamine\" loading=\"lazy\" \/>\t\t\t\t\t\t\t\t<\/a>\n\t\t\t\t\t\t\t\t\t\t\t\t\t\t\t<\/div>\n\t\t\t\t<\/div>\n\t\t\t\t<div class=\"elementor-element elementor-element-4615056 elementor-widget elementor-widget-heading\" data-id=\"4615056\" data-element_type=\"widget\" data-e-type=\"widget\" data-widget_type=\"heading.default\">\n\t\t\t\t<div class=\"elementor-widget-container\">\n\t\t\t\t\t<h2 class=\"elementor-heading-title elementor-size-default\"><a href=\"https:\/\/exmet.ee\/services\/sv\/markning-och-forpackning\/\">M\u00c4RKNING OCH F\u00d6RPACKNING<\/a><\/h2>\t\t\t\t<\/div>\n\t\t\t\t<\/div>\n\t\t\t\t\t<\/div>\n\t\t<\/div>\n\t\t\t\t<div class=\"elementor-column elementor-col-25 elementor-inner-column elementor-element elementor-element-400b32f\" data-id=\"400b32f\" data-element_type=\"column\" data-e-type=\"column\">\n\t\t\t<div class=\"elementor-widget-wrap\">\n\t\t\t\t\t\t\t<\/div>\n\t\t<\/div>\n\t\t\t\t\t<\/div>\n\t\t<\/section>\n\t\t\t\t\t<\/div>\n\t\t<\/div>\n\t\t\t\t\t<\/div>\n\t\t<\/section>\n\t\t\t\t<\/div>\n\t\t","protected":false},"excerpt":{"rendered":"<p>PL\u00c5TBEARBETNING V\u00e5ra tj\u00e4nster omfattar flera typer av pl\u00e5tbearbetning, s\u00e5som plasma- och gassk\u00e4rning, lasersk\u00e4rning, bockning, kantbearbetning och fasning, men ocks\u00e5 korrekt m\u00e4rkning och f\u00f6rpackning av produkter. Det g\u00f6r att delarna du best\u00e4ller uppfyller h\u00f6gsta standard. V\u00e5rt starka team och toppmoderna utrustning s\u00e4kerst\u00e4ller ett resultat som \u00e4r utformat efter dina projektspecifika behov. L\u00e4s om v\u00e5ra pl\u00e5tbearbetningstj\u00e4nster och [&hellip;]<\/p>\n","protected":false},"author":2,"featured_media":14393,"parent":0,"menu_order":1,"comment_status":"closed","ping_status":"closed","template":"elementor_header_footer","meta":{"footnotes":""},"class_list":["post-14659","page","type-page","status-publish","has-post-thumbnail","hentry"],"_links":{"self":[{"href":"https:\/\/exmet.ee\/services\/sv\/wp-json\/wp\/v2\/pages\/14659","targetHints":{"allow":["GET"]}}],"collection":[{"href":"https:\/\/exmet.ee\/services\/sv\/wp-json\/wp\/v2\/pages"}],"about":[{"href":"https:\/\/exmet.ee\/services\/sv\/wp-json\/wp\/v2\/types\/page"}],"author":[{"embeddable":true,"href":"https:\/\/exmet.ee\/services\/sv\/wp-json\/wp\/v2\/users\/2"}],"replies":[{"embeddable":true,"href":"https:\/\/exmet.ee\/services\/sv\/wp-json\/wp\/v2\/comments?post=14659"}],"version-history":[{"count":0,"href":"https:\/\/exmet.ee\/services\/sv\/wp-json\/wp\/v2\/pages\/14659\/revisions"}],"wp:featuredmedia":[{"embeddable":true,"href":"https:\/\/exmet.ee\/services\/sv\/wp-json\/wp\/v2\/media\/14393"}],"wp:attachment":[{"href":"https:\/\/exmet.ee\/services\/sv\/wp-json\/wp\/v2\/media?parent=14659"}],"curies":[{"name":"wp","href":"https:\/\/api.w.org\/{rel}","templated":true}]}}