{"id":10875,"date":"2023-07-06T06:07:24","date_gmt":"2023-07-06T06:07:24","guid":{"rendered":"https:\/\/exmet.ee\/services\/?page_id=10875"},"modified":"2024-06-11T07:22:53","modified_gmt":"2024-06-11T07:22:53","slug":"lehetootlus","status":"publish","type":"page","link":"https:\/\/exmet.ee\/services\/lehetootlus\/","title":{"rendered":"LEHET\u00d6\u00d6TLUS"},"content":{"rendered":"\t\t<div data-elementor-type=\"wp-page\" data-elementor-id=\"10875\" class=\"elementor elementor-10875\" data-elementor-post-type=\"page\">\n\t\t\t\t\t\t<section class=\"elementor-section elementor-top-section elementor-element elementor-element-7a7bfa5 elementor-section-full_width elementor-section-height-min-height elementor-section-height-default elementor-section-items-middle\" data-id=\"7a7bfa5\" data-element_type=\"section\" data-e-type=\"section\" data-settings=\"{&quot;background_background&quot;:&quot;classic&quot;,&quot;background_motion_fx_motion_fx_scrolling&quot;:&quot;yes&quot;,&quot;background_motion_fx_translateY_effect&quot;:&quot;yes&quot;,&quot;background_motion_fx_translateY_direction&quot;:&quot;negative&quot;,&quot;background_motion_fx_translateY_speed&quot;:{&quot;unit&quot;:&quot;px&quot;,&quot;size&quot;:10,&quot;sizes&quot;:[]},&quot;background_motion_fx_range&quot;:&quot;viewport&quot;,&quot;shape_divider_bottom&quot;:&quot;tilt&quot;,&quot;jet_parallax_layout_list&quot;:[],&quot;background_motion_fx_translateY_affectedRange&quot;:{&quot;unit&quot;:&quot;%&quot;,&quot;size&quot;:&quot;&quot;,&quot;sizes&quot;:{&quot;start&quot;:0,&quot;end&quot;:100}},&quot;background_motion_fx_devices&quot;:[&quot;desktop&quot;,&quot;tablet&quot;,&quot;mobile&quot;]}\">\n\t\t\t\t\t\t\t<div class=\"elementor-background-overlay\"><\/div>\n\t\t\t\t\t\t<div class=\"elementor-shape elementor-shape-bottom\" aria-hidden=\"true\" data-negative=\"false\">\n\t\t\t<svg xmlns=\"http:\/\/www.w3.org\/2000\/svg\" viewBox=\"0 0 1000 100\" preserveAspectRatio=\"none\">\n\t<path class=\"elementor-shape-fill\" d=\"M0,6V0h1000v100L0,6z\"\/>\n<\/svg>\t\t<\/div>\n\t\t\t\t\t<div class=\"elementor-container elementor-column-gap-default\">\n\t\t\t\t\t<div class=\"elementor-column elementor-col-100 elementor-top-column elementor-element elementor-element-e848da0\" data-id=\"e848da0\" data-element_type=\"column\" data-e-type=\"column\">\n\t\t\t<div class=\"elementor-widget-wrap elementor-element-populated\">\n\t\t\t\t\t\t<div class=\"elementor-element elementor-element-be44025 elementor-widget__width-inherit elementor-widget elementor-widget-heading\" data-id=\"be44025\" data-element_type=\"widget\" data-e-type=\"widget\" data-widget_type=\"heading.default\">\n\t\t\t\t<div class=\"elementor-widget-container\">\n\t\t\t\t\t<h1 class=\"elementor-heading-title elementor-size-default\">LEHET\u00d6\u00d6TLUS<\/h1>\t\t\t\t<\/div>\n\t\t\t\t<\/div>\n\t\t\t\t\t<\/div>\n\t\t<\/div>\n\t\t\t\t\t<\/div>\n\t\t<\/section>\n\t\t\t\t<section class=\"elementor-section elementor-top-section elementor-element elementor-element-ec36cd7 elementor-section-full_width elementor-section-height-default elementor-section-height-default\" data-id=\"ec36cd7\" data-element_type=\"section\" data-e-type=\"section\" data-settings=\"{&quot;background_background&quot;:&quot;classic&quot;,&quot;jet_parallax_layout_list&quot;:[]}\">\n\t\t\t\t\t\t<div class=\"elementor-container elementor-column-gap-default\">\n\t\t\t\t\t<div class=\"elementor-column elementor-col-100 elementor-top-column elementor-element elementor-element-d3e9265\" data-id=\"d3e9265\" data-element_type=\"column\" data-e-type=\"column\">\n\t\t\t<div class=\"elementor-widget-wrap elementor-element-populated\">\n\t\t\t\t\t\t<div class=\"elementor-element elementor-element-fb73278 elementor-widget elementor-widget-text-editor\" data-id=\"fb73278\" data-element_type=\"widget\" data-e-type=\"widget\" data-widget_type=\"text-editor.default\">\n\t\t\t\t<div class=\"elementor-widget-container\">\n\t\t\t\t\t\t\t\t\t<p style=\"font-weight: 400;\">Meie pakutavate teenuste hulka kuulub mitu lehet\u00f6\u00f6tlusviisi, nagu\u00a0<strong>plasma-, gaasi- ja laserl\u00f5ikus, painutamine, servade t\u00f6\u00f6tlus ja faasimine, kuid ka toodete\u00a0korrektne markeerimine ja pakendamine.<\/strong> See tagab, et teie tellitud detailid vastaksid k\u00f5rgeimatele standarditele.<\/p><p style=\"font-weight: 400;\">Meie terasest meeskond ja tipptasemel seadmed lubavad tulemust, mis on kohandatud teie projekti spetsiifikale.<\/p>\t\t\t\t\t\t\t\t<\/div>\n\t\t\t\t<\/div>\n\t\t\t\t<div class=\"elementor-element elementor-element-ad7961f elementor-widget elementor-widget-text-editor\" data-id=\"ad7961f\" data-element_type=\"widget\" data-e-type=\"widget\" data-widget_type=\"text-editor.default\">\n\t\t\t\t<div class=\"elementor-widget-container\">\n\t\t\t\t\t\t\t\t\t<p><strong>Tutvuge meie lehet\u00f6\u00f6tluse teenustega ja v\u00f5tke \u00fchendust.<\/strong><\/p>\t\t\t\t\t\t\t\t<\/div>\n\t\t\t\t<\/div>\n\t\t\t\t\t<\/div>\n\t\t<\/div>\n\t\t\t\t\t<\/div>\n\t\t<\/section>\n\t\t\t\t<section class=\"elementor-section elementor-top-section elementor-element elementor-element-539c94a elementor-section-full_width elementor-section-height-default elementor-section-height-default\" data-id=\"539c94a\" data-element_type=\"section\" data-e-type=\"section\" data-settings=\"{&quot;jet_parallax_layout_list&quot;:[],&quot;background_background&quot;:&quot;classic&quot;,&quot;shape_divider_bottom&quot;:&quot;tilt&quot;}\">\n\t\t\t\t\t\t\t<div class=\"elementor-background-overlay\"><\/div>\n\t\t\t\t\t\t<div class=\"elementor-shape elementor-shape-bottom\" aria-hidden=\"true\" data-negative=\"false\">\n\t\t\t<svg xmlns=\"http:\/\/www.w3.org\/2000\/svg\" viewBox=\"0 0 1000 100\" preserveAspectRatio=\"none\">\n\t<path class=\"elementor-shape-fill\" d=\"M0,6V0h1000v100L0,6z\"\/>\n<\/svg>\t\t<\/div>\n\t\t\t\t\t<div class=\"elementor-container elementor-column-gap-default\">\n\t\t\t\t\t<div class=\"elementor-column elementor-col-100 elementor-top-column elementor-element elementor-element-492412a\" data-id=\"492412a\" data-element_type=\"column\" data-e-type=\"column\">\n\t\t\t<div class=\"elementor-widget-wrap elementor-element-populated\">\n\t\t\t\t\t\t<section class=\"elementor-section elementor-inner-section elementor-element elementor-element-c0418df elementor-section-full_width elementor-section-height-default elementor-section-height-default\" data-id=\"c0418df\" data-element_type=\"section\" data-e-type=\"section\" data-settings=\"{&quot;jet_parallax_layout_list&quot;:[]}\">\n\t\t\t\t\t\t<div class=\"elementor-container elementor-column-gap-default\">\n\t\t\t\t\t<div class=\"elementor-column elementor-col-25 elementor-inner-column elementor-element elementor-element-b9e7641\" data-id=\"b9e7641\" data-element_type=\"column\" data-e-type=\"column\">\n\t\t\t<div class=\"elementor-widget-wrap elementor-element-populated\">\n\t\t\t\t\t\t<div class=\"elementor-element elementor-element-57dc9fb elementor-widget elementor-widget-image\" data-id=\"57dc9fb\" data-element_type=\"widget\" data-e-type=\"widget\" data-widget_type=\"image.default\">\n\t\t\t\t<div class=\"elementor-widget-container\">\n\t\t\t\t\t\t\t\t\t\t\t\t\t\t\t\t<a href=\"https:\/\/exmet.ee\/services\/lehetootlus\/plasma-ja-gaasiloikus\/\">\n\t\t\t\t\t\t\t<img decoding=\"async\" src=\"https:\/\/exmet.ee\/services\/wp-content\/uploads\/elementor\/thumbs\/Plasmaloikus-1-qmjs8jpvd6560v05fgq385gxp8cr2exfxxpyof321s.webp\" title=\"Plasma- ja gaasilo\u0303ikus\" alt=\"Plasma- ja gaasil\u00f5ikus, Plasmal\u00f5ikus, gaasil\u00f5ikus, lehet\u00f6\u00f6tlus, exmet services\" loading=\"lazy\" \/>\t\t\t\t\t\t\t\t<\/a>\n\t\t\t\t\t\t\t\t\t\t\t\t\t\t\t<\/div>\n\t\t\t\t<\/div>\n\t\t\t\t<div class=\"elementor-element elementor-element-35fc0c9 elementor-widget elementor-widget-heading\" data-id=\"35fc0c9\" data-element_type=\"widget\" data-e-type=\"widget\" data-widget_type=\"heading.default\">\n\t\t\t\t<div class=\"elementor-widget-container\">\n\t\t\t\t\t<h2 class=\"elementor-heading-title elementor-size-default\"><a href=\"https:\/\/exmet.ee\/services\/lehetootlus\/plasma-ja-gaasiloikus\/\">PLASMA- JA GAASIL\u00d5IKUS<\/a><\/h2>\t\t\t\t<\/div>\n\t\t\t\t<\/div>\n\t\t\t\t\t<\/div>\n\t\t<\/div>\n\t\t\t\t<div class=\"elementor-column elementor-col-25 elementor-inner-column elementor-element elementor-element-60307cc\" data-id=\"60307cc\" data-element_type=\"column\" data-e-type=\"column\">\n\t\t\t<div class=\"elementor-widget-wrap elementor-element-populated\">\n\t\t\t\t\t\t<div class=\"elementor-element elementor-element-a88884e elementor-widget elementor-widget-image\" data-id=\"a88884e\" data-element_type=\"widget\" data-e-type=\"widget\" data-widget_type=\"image.default\">\n\t\t\t\t<div class=\"elementor-widget-container\">\n\t\t\t\t\t\t\t\t\t\t\t\t\t\t\t\t<a href=\"https:\/\/exmet.ee\/services\/lehetootlus\/laserloikus\/\">\n\t\t\t\t\t\t\t<img decoding=\"async\" src=\"https:\/\/exmet.ee\/services\/wp-content\/uploads\/elementor\/thumbs\/Laserloikus-1-qmjs8mjdxo90zow1yzxyxmrbhdyupi8mybof48yvj4.webp\" title=\"Laserlo\u0303ikus\" alt=\"laserl\u00f5ikus, exmet services, metalli laserl\u00f5ikus, laser\" loading=\"lazy\" \/>\t\t\t\t\t\t\t\t<\/a>\n\t\t\t\t\t\t\t\t\t\t\t\t\t\t\t<\/div>\n\t\t\t\t<\/div>\n\t\t\t\t<div class=\"elementor-element elementor-element-e3a17d6 elementor-widget elementor-widget-heading\" data-id=\"e3a17d6\" data-element_type=\"widget\" data-e-type=\"widget\" data-widget_type=\"heading.default\">\n\t\t\t\t<div class=\"elementor-widget-container\">\n\t\t\t\t\t<h2 class=\"elementor-heading-title elementor-size-default\"><a href=\"https:\/\/exmet.ee\/services\/lehetootlus\/laserloikus\/\">LASERL\u00d5IKUS<\/a><\/h2>\t\t\t\t<\/div>\n\t\t\t\t<\/div>\n\t\t\t\t\t<\/div>\n\t\t<\/div>\n\t\t\t\t<div class=\"elementor-column elementor-col-25 elementor-inner-column elementor-element elementor-element-368bf27\" data-id=\"368bf27\" data-element_type=\"column\" data-e-type=\"column\">\n\t\t\t<div class=\"elementor-widget-wrap elementor-element-populated\">\n\t\t\t\t\t\t<div class=\"elementor-element elementor-element-cefe0de elementor-widget elementor-widget-image\" data-id=\"cefe0de\" data-element_type=\"widget\" data-e-type=\"widget\" data-widget_type=\"image.default\">\n\t\t\t\t<div class=\"elementor-widget-container\">\n\t\t\t\t\t\t\t\t\t\t\t\t\t\t\t\t<a href=\"https:\/\/exmet.ee\/services\/lehetootlus\/lehtterase-painutamine\/\">\n\t\t\t\t\t\t\t<img decoding=\"async\" src=\"https:\/\/exmet.ee\/services\/wp-content\/uploads\/elementor\/thumbs\/Painutamine-1-qmjs8lljqu7qo2xf4hjcd4zuw03hht4wm70xmz09pc.webp\" title=\"Painutamine\" alt=\"Painutamine\" loading=\"lazy\" \/>\t\t\t\t\t\t\t\t<\/a>\n\t\t\t\t\t\t\t\t\t\t\t\t\t\t\t<\/div>\n\t\t\t\t<\/div>\n\t\t\t\t<div class=\"elementor-element elementor-element-1caeb9c elementor-widget elementor-widget-heading\" data-id=\"1caeb9c\" data-element_type=\"widget\" data-e-type=\"widget\" data-widget_type=\"heading.default\">\n\t\t\t\t<div class=\"elementor-widget-container\">\n\t\t\t\t\t<h2 class=\"elementor-heading-title elementor-size-default\"><a href=\"https:\/\/exmet.ee\/services\/lehetootlus\/lehtterase-painutamine\/\">LEHTTERASE PAINUTAMINE<\/a><\/h2>\t\t\t\t<\/div>\n\t\t\t\t<\/div>\n\t\t\t\t\t<\/div>\n\t\t<\/div>\n\t\t\t\t<div class=\"elementor-column elementor-col-25 elementor-inner-column elementor-element elementor-element-1ea4c9e\" data-id=\"1ea4c9e\" data-element_type=\"column\" data-e-type=\"column\">\n\t\t\t<div class=\"elementor-widget-wrap elementor-element-populated\">\n\t\t\t\t\t\t<div class=\"elementor-element elementor-element-035586f elementor-widget elementor-widget-image\" data-id=\"035586f\" data-element_type=\"widget\" data-e-type=\"widget\" data-widget_type=\"image.default\">\n\t\t\t\t<div class=\"elementor-widget-container\">\n\t\t\t\t\t\t\t\t\t\t\t\t\t\t\t\t<a href=\"https:\/\/exmet.ee\/services\/lehetootlus\/puhastus-ja-servatootlus\/\">\n\t\t\t\t\t\t\t<img decoding=\"async\" src=\"https:\/\/exmet.ee\/services\/wp-content\/uploads\/elementor\/thumbs\/Servatootlus-qmjpkkf5i6r4iaf5vz5imdei0tfh31w5evl2j9e9eo.webp\" title=\"Servato\u0308o\u0308tlus\" alt=\"servat\u00f6\u00f6tlus, puhastus ja servat\u00f6\u00f6tlus, timesavers\" loading=\"lazy\" \/>\t\t\t\t\t\t\t\t<\/a>\n\t\t\t\t\t\t\t\t\t\t\t\t\t\t\t<\/div>\n\t\t\t\t<\/div>\n\t\t\t\t<div class=\"elementor-element elementor-element-2100907 elementor-widget elementor-widget-heading\" data-id=\"2100907\" data-element_type=\"widget\" data-e-type=\"widget\" data-widget_type=\"heading.default\">\n\t\t\t\t<div class=\"elementor-widget-container\">\n\t\t\t\t\t<h2 class=\"elementor-heading-title elementor-size-default\"><a href=\"https:\/\/exmet.ee\/services\/lehetootlus\/puhastus-ja-servatootlus\/\">PUHASTUS JA SERVAT\u00d6\u00d6TLUS<\/a><\/h2>\t\t\t\t<\/div>\n\t\t\t\t<\/div>\n\t\t\t\t\t<\/div>\n\t\t<\/div>\n\t\t\t\t\t<\/div>\n\t\t<\/section>\n\t\t\t\t<section class=\"elementor-section elementor-inner-section elementor-element elementor-element-2e05fbb elementor-section-full_width elementor-section-height-default elementor-section-height-default\" data-id=\"2e05fbb\" data-element_type=\"section\" data-e-type=\"section\" data-settings=\"{&quot;jet_parallax_layout_list&quot;:[]}\">\n\t\t\t\t\t\t<div class=\"elementor-container elementor-column-gap-default\">\n\t\t\t\t\t<div class=\"elementor-column elementor-col-25 elementor-inner-column elementor-element elementor-element-82522c8\" data-id=\"82522c8\" data-element_type=\"column\" data-e-type=\"column\">\n\t\t\t<div class=\"elementor-widget-wrap elementor-element-populated\">\n\t\t\t\t\t\t<div class=\"elementor-element elementor-element-3d90452 elementor-widget elementor-widget-image\" data-id=\"3d90452\" data-element_type=\"widget\" data-e-type=\"widget\" data-widget_type=\"image.default\">\n\t\t\t\t<div class=\"elementor-widget-container\">\n\t\t\t\t\t\t\t\t\t\t\t\t\t\t\t\t<a href=\"https:\/\/exmet.ee\/services\/faasimine\/\">\n\t\t\t\t\t\t\t<img decoding=\"async\" src=\"https:\/\/exmet.ee\/services\/wp-content\/uploads\/elementor\/thumbs\/MMS72827-1-scaled-qox3ezz5djsyx6vhd6xjwlopze3ppl74j9hyoh1ag0.jpg\" title=\"faasimine\" alt=\"faasimine\" loading=\"lazy\" \/>\t\t\t\t\t\t\t\t<\/a>\n\t\t\t\t\t\t\t\t\t\t\t\t\t\t\t<\/div>\n\t\t\t\t<\/div>\n\t\t\t\t<div class=\"elementor-element elementor-element-4e3467e elementor-widget elementor-widget-heading\" data-id=\"4e3467e\" data-element_type=\"widget\" data-e-type=\"widget\" data-widget_type=\"heading.default\">\n\t\t\t\t<div class=\"elementor-widget-container\">\n\t\t\t\t\t<h2 class=\"elementor-heading-title elementor-size-default\"><a href=\"https:\/\/exmet.ee\/services\/faasimine\/\">FAASIMINE<\/a><\/h2>\t\t\t\t<\/div>\n\t\t\t\t<\/div>\n\t\t\t\t\t<\/div>\n\t\t<\/div>\n\t\t\t\t<div class=\"elementor-column elementor-col-25 elementor-inner-column elementor-element elementor-element-6df5c23\" data-id=\"6df5c23\" data-element_type=\"column\" data-e-type=\"column\">\n\t\t\t<div class=\"elementor-widget-wrap elementor-element-populated\">\n\t\t\t\t\t\t<div class=\"elementor-element elementor-element-c7a80dc elementor-widget elementor-widget-image\" data-id=\"c7a80dc\" data-element_type=\"widget\" data-e-type=\"widget\" data-widget_type=\"image.default\">\n\t\t\t\t<div class=\"elementor-widget-container\">\n\t\t\t\t\t\t\t\t\t\t\t\t\t\t\t\t<a href=\"https:\/\/exmet.ee\/services\/haaveldamine\/\">\n\t\t\t\t\t\t\t<img decoding=\"async\" src=\"https:\/\/exmet.ee\/services\/wp-content\/uploads\/elementor\/thumbs\/haaveldamine-qmjs8of2bcblmwtbo0r82ma8o5pl4wg3mkze2sw36o.webp\" title=\"haaveldamine\" alt=\"haaveldamine\" loading=\"lazy\" \/>\t\t\t\t\t\t\t\t<\/a>\n\t\t\t\t\t\t\t\t\t\t\t\t\t\t\t<\/div>\n\t\t\t\t<\/div>\n\t\t\t\t<div class=\"elementor-element elementor-element-0130015 elementor-widget elementor-widget-heading\" data-id=\"0130015\" data-element_type=\"widget\" data-e-type=\"widget\" data-widget_type=\"heading.default\">\n\t\t\t\t<div class=\"elementor-widget-container\">\n\t\t\t\t\t<h2 class=\"elementor-heading-title elementor-size-default\"><a href=\"https:\/\/exmet.ee\/services\/haaveldamine\/\">HAAVELDAMINE<\/a><\/h2>\t\t\t\t<\/div>\n\t\t\t\t<\/div>\n\t\t\t\t\t<\/div>\n\t\t<\/div>\n\t\t\t\t<div class=\"elementor-column elementor-col-25 elementor-inner-column elementor-element elementor-element-5c62793\" data-id=\"5c62793\" data-element_type=\"column\" data-e-type=\"column\">\n\t\t\t<div class=\"elementor-widget-wrap elementor-element-populated\">\n\t\t\t\t\t\t<div class=\"elementor-element elementor-element-ae1ba3e elementor-widget elementor-widget-image\" data-id=\"ae1ba3e\" data-element_type=\"widget\" data-e-type=\"widget\" data-widget_type=\"image.default\">\n\t\t\t\t<div class=\"elementor-widget-container\">\n\t\t\t\t\t\t\t\t\t\t\t\t\t\t\t\t<a href=\"https:\/\/exmet.ee\/services\/markeerimine-ja-pakendamine\/\">\n\t\t\t\t\t\t\t<img decoding=\"async\" src=\"https:\/\/exmet.ee\/services\/wp-content\/uploads\/elementor\/thumbs\/markeerimine-qmjs8nh84iabbauoticli4is2ru7x7cdagbwlixhcw.webp\" title=\"markeerimine\" alt=\"markeerimine, pakendamine, metalli markeerimine, exmet services, exmet, pakendamine\" loading=\"lazy\" \/>\t\t\t\t\t\t\t\t<\/a>\n\t\t\t\t\t\t\t\t\t\t\t\t\t\t\t<\/div>\n\t\t\t\t<\/div>\n\t\t\t\t<div class=\"elementor-element elementor-element-4615056 elementor-widget elementor-widget-heading\" data-id=\"4615056\" data-element_type=\"widget\" data-e-type=\"widget\" data-widget_type=\"heading.default\">\n\t\t\t\t<div class=\"elementor-widget-container\">\n\t\t\t\t\t<h2 class=\"elementor-heading-title elementor-size-default\"><a href=\"https:\/\/exmet.ee\/services\/markeerimine-ja-pakendamine\/\">MARKEERIMINE JA PAKENDAMINE\n<\/a><\/h2>\t\t\t\t<\/div>\n\t\t\t\t<\/div>\n\t\t\t\t\t<\/div>\n\t\t<\/div>\n\t\t\t\t<div class=\"elementor-column elementor-col-25 elementor-inner-column elementor-element elementor-element-400b32f\" data-id=\"400b32f\" data-element_type=\"column\" data-e-type=\"column\">\n\t\t\t<div class=\"elementor-widget-wrap\">\n\t\t\t\t\t\t\t<\/div>\n\t\t<\/div>\n\t\t\t\t\t<\/div>\n\t\t<\/section>\n\t\t\t\t\t<\/div>\n\t\t<\/div>\n\t\t\t\t\t<\/div>\n\t\t<\/section>\n\t\t\t\t<\/div>\n\t\t","protected":false},"excerpt":{"rendered":"<p>LEHET\u00d6\u00d6TLUS Meie pakutavate teenuste hulka kuulub mitu lehet\u00f6\u00f6tlusviisi, nagu\u00a0plasma-, gaasi- ja laserl\u00f5ikus, painutamine, servade t\u00f6\u00f6tlus ja faasimine, kuid ka toodete\u00a0korrektne markeerimine ja pakendamine. See tagab, et teie tellitud detailid vastaksid k\u00f5rgeimatele standarditele. Meie terasest meeskond ja tipptasemel seadmed lubavad tulemust, mis on kohandatud teie projekti spetsiifikale. Tutvuge meie lehet\u00f6\u00f6tluse teenustega ja v\u00f5tke \u00fchendust. PLASMA- JA [&hellip;]<\/p>\n","protected":false},"author":2,"featured_media":13224,"parent":0,"menu_order":1,"comment_status":"closed","ping_status":"closed","template":"elementor_header_footer","meta":{"footnotes":""},"class_list":["post-10875","page","type-page","status-publish","has-post-thumbnail","hentry"],"_links":{"self":[{"href":"https:\/\/exmet.ee\/services\/wp-json\/wp\/v2\/pages\/10875","targetHints":{"allow":["GET"]}}],"collection":[{"href":"https:\/\/exmet.ee\/services\/wp-json\/wp\/v2\/pages"}],"about":[{"href":"https:\/\/exmet.ee\/services\/wp-json\/wp\/v2\/types\/page"}],"author":[{"embeddable":true,"href":"https:\/\/exmet.ee\/services\/wp-json\/wp\/v2\/users\/2"}],"replies":[{"embeddable":true,"href":"https:\/\/exmet.ee\/services\/wp-json\/wp\/v2\/comments?post=10875"}],"version-history":[{"count":0,"href":"https:\/\/exmet.ee\/services\/wp-json\/wp\/v2\/pages\/10875\/revisions"}],"wp:featuredmedia":[{"embeddable":true,"href":"https:\/\/exmet.ee\/services\/wp-json\/wp\/v2\/media\/13224"}],"wp:attachment":[{"href":"https:\/\/exmet.ee\/services\/wp-json\/wp\/v2\/media?parent=10875"}],"curies":[{"name":"wp","href":"https:\/\/api.w.org\/{rel}","templated":true}]}}