{"id":10930,"date":"2023-07-06T08:03:40","date_gmt":"2023-07-06T08:03:40","guid":{"rendered":"https:\/\/exmet.ee\/services\/?page_id=10930"},"modified":"2024-11-11T15:29:01","modified_gmt":"2024-11-11T13:29:01","slug":"toru-ja-profiilitootlus","status":"publish","type":"page","link":"https:\/\/exmet.ee\/services\/toru-ja-profiilitootlus\/","title":{"rendered":"Toru- ja Profiilit\u00f6\u00f6tlus"},"content":{"rendered":"\t\t<div data-elementor-type=\"wp-page\" data-elementor-id=\"10930\" class=\"elementor elementor-10930\" data-elementor-post-type=\"page\">\n\t\t\t\t\t\t<section class=\"elementor-section elementor-top-section elementor-element elementor-element-74e02e0 elementor-section-full_width elementor-section-height-min-height elementor-section-height-default elementor-section-items-middle\" data-id=\"74e02e0\" data-element_type=\"section\" data-e-type=\"section\" data-settings=\"{&quot;background_background&quot;:&quot;classic&quot;,&quot;background_motion_fx_motion_fx_scrolling&quot;:&quot;yes&quot;,&quot;background_motion_fx_translateY_effect&quot;:&quot;yes&quot;,&quot;background_motion_fx_translateY_direction&quot;:&quot;negative&quot;,&quot;background_motion_fx_translateY_speed&quot;:{&quot;unit&quot;:&quot;px&quot;,&quot;size&quot;:10,&quot;sizes&quot;:[]},&quot;background_motion_fx_range&quot;:&quot;viewport&quot;,&quot;shape_divider_bottom&quot;:&quot;tilt&quot;,&quot;jet_parallax_layout_list&quot;:[],&quot;background_motion_fx_translateY_affectedRange&quot;:{&quot;unit&quot;:&quot;%&quot;,&quot;size&quot;:&quot;&quot;,&quot;sizes&quot;:{&quot;start&quot;:0,&quot;end&quot;:100}},&quot;background_motion_fx_devices&quot;:[&quot;desktop&quot;,&quot;tablet&quot;,&quot;mobile&quot;]}\">\n\t\t\t\t\t\t\t<div class=\"elementor-background-overlay\"><\/div>\n\t\t\t\t\t\t<div class=\"elementor-shape elementor-shape-bottom\" aria-hidden=\"true\" data-negative=\"false\">\n\t\t\t<svg xmlns=\"http:\/\/www.w3.org\/2000\/svg\" viewBox=\"0 0 1000 100\" preserveAspectRatio=\"none\">\n\t<path class=\"elementor-shape-fill\" d=\"M0,6V0h1000v100L0,6z\"\/>\n<\/svg>\t\t<\/div>\n\t\t\t\t\t<div class=\"elementor-container elementor-column-gap-default\">\n\t\t\t\t\t<div class=\"elementor-column elementor-col-100 elementor-top-column elementor-element elementor-element-eac4331\" data-id=\"eac4331\" data-element_type=\"column\" data-e-type=\"column\">\n\t\t\t<div class=\"elementor-widget-wrap elementor-element-populated\">\n\t\t\t\t\t\t<div class=\"elementor-element elementor-element-f04744d elementor-widget__width-inherit elementor-widget elementor-widget-heading\" data-id=\"f04744d\" data-element_type=\"widget\" data-e-type=\"widget\" data-widget_type=\"heading.default\">\n\t\t\t\t<div class=\"elementor-widget-container\">\n\t\t\t\t\t<h1 class=\"elementor-heading-title elementor-size-default\">TORU- JA PROFIILIT\u00d6\u00d6TLUS<\/h1>\t\t\t\t<\/div>\n\t\t\t\t<\/div>\n\t\t\t\t\t<\/div>\n\t\t<\/div>\n\t\t\t\t\t<\/div>\n\t\t<\/section>\n\t\t\t\t<section class=\"elementor-section elementor-top-section elementor-element elementor-element-69a0892 elementor-section-full_width elementor-section-height-default elementor-section-height-default\" data-id=\"69a0892\" data-element_type=\"section\" data-e-type=\"section\" data-settings=\"{&quot;background_background&quot;:&quot;classic&quot;,&quot;jet_parallax_layout_list&quot;:[]}\">\n\t\t\t\t\t\t<div class=\"elementor-container elementor-column-gap-default\">\n\t\t\t\t\t<div class=\"elementor-column elementor-col-100 elementor-top-column elementor-element elementor-element-84d0bab\" data-id=\"84d0bab\" data-element_type=\"column\" data-e-type=\"column\">\n\t\t\t<div class=\"elementor-widget-wrap elementor-element-populated\">\n\t\t\t\t\t\t<div class=\"elementor-element elementor-element-8f833df elementor-widget elementor-widget-text-editor\" data-id=\"8f833df\" data-element_type=\"widget\" data-e-type=\"widget\" data-widget_type=\"text-editor.default\">\n\t\t\t\t<div class=\"elementor-widget-container\">\n\t\t\t\t\t\t\t\t\t<p>Pakume laia valikut profiilit\u00f6\u00f6tluse teenuseid alates <strong>torude ja profiilide tipptasemel laserl\u00f5ikusest ning Kaltenbachi CNC-profiilit\u00f6\u00f6tlusmasinaga t\u00f6\u00f6tlusest kuni haavelduseni.<\/strong>\u00a0<\/p><p>Tehases eelt\u00f6\u00f6deldud profiilide kasutamine annab klientidele hulgaliselt eeliseid, alustades suuremast tootmist\u00f5hususest kuni parema kvaliteedikontrollini. Pealegi saab siis kohandada profiile t\u00e4pselt l\u00f5pptoodangu n\u00f5uete ja kvaliteedistandardite j\u00e4rgi.<\/p>\t\t\t\t\t\t\t\t<\/div>\n\t\t\t\t<\/div>\n\t\t\t\t<div class=\"elementor-element elementor-element-6c0556a elementor-widget elementor-widget-text-editor\" data-id=\"6c0556a\" data-element_type=\"widget\" data-e-type=\"widget\" data-widget_type=\"text-editor.default\">\n\t\t\t\t<div class=\"elementor-widget-container\">\n\t\t\t\t\t\t\t\t\t<p><strong>Tutvuge meie profiilit\u00f6\u00f6tluse teenustega ja v\u00f5tke \u00fchendust.<\/strong><\/p>\t\t\t\t\t\t\t\t<\/div>\n\t\t\t\t<\/div>\n\t\t\t\t\t<\/div>\n\t\t<\/div>\n\t\t\t\t\t<\/div>\n\t\t<\/section>\n\t\t\t\t<section class=\"elementor-section elementor-top-section elementor-element elementor-element-f0b9d53 elementor-section-full_width elementor-section-height-default elementor-section-height-default\" data-id=\"f0b9d53\" data-element_type=\"section\" data-e-type=\"section\" data-settings=\"{&quot;jet_parallax_layout_list&quot;:[],&quot;background_background&quot;:&quot;classic&quot;,&quot;shape_divider_bottom&quot;:&quot;tilt&quot;}\">\n\t\t\t\t\t\t\t<div class=\"elementor-background-overlay\"><\/div>\n\t\t\t\t\t\t<div class=\"elementor-shape elementor-shape-bottom\" aria-hidden=\"true\" data-negative=\"false\">\n\t\t\t<svg xmlns=\"http:\/\/www.w3.org\/2000\/svg\" viewBox=\"0 0 1000 100\" preserveAspectRatio=\"none\">\n\t<path class=\"elementor-shape-fill\" d=\"M0,6V0h1000v100L0,6z\"\/>\n<\/svg>\t\t<\/div>\n\t\t\t\t\t<div class=\"elementor-container elementor-column-gap-default\">\n\t\t\t\t\t<div class=\"elementor-column elementor-col-100 elementor-top-column elementor-element elementor-element-6510eab\" data-id=\"6510eab\" data-element_type=\"column\" data-e-type=\"column\">\n\t\t\t<div class=\"elementor-widget-wrap elementor-element-populated\">\n\t\t\t\t\t\t<section class=\"elementor-section elementor-inner-section elementor-element elementor-element-d708848 elementor-section-full_width elementor-section-height-default elementor-section-height-default\" data-id=\"d708848\" data-element_type=\"section\" data-e-type=\"section\" data-settings=\"{&quot;jet_parallax_layout_list&quot;:[]}\">\n\t\t\t\t\t\t<div class=\"elementor-container elementor-column-gap-default\">\n\t\t\t\t\t<div class=\"elementor-column elementor-col-25 elementor-inner-column elementor-element elementor-element-785b8f9\" data-id=\"785b8f9\" data-element_type=\"column\" data-e-type=\"column\">\n\t\t\t<div class=\"elementor-widget-wrap elementor-element-populated\">\n\t\t\t\t\t\t<div class=\"elementor-element elementor-element-61c0cd9 elementor-widget elementor-widget-image\" data-id=\"61c0cd9\" data-element_type=\"widget\" data-e-type=\"widget\" data-widget_type=\"image.default\">\n\t\t\t\t<div class=\"elementor-widget-container\">\n\t\t\t\t\t\t\t\t\t\t\t\t\t\t\t\t<a href=\"https:\/\/exmet.ee\/services\/toru-ja-profiilitootlus\/torulaser\/\">\n\t\t\t\t\t\t\t<img decoding=\"async\" src=\"https:\/\/exmet.ee\/services\/wp-content\/uploads\/elementor\/thumbs\/MMS71213-scaled-qwwhoig1nh0ghjxodgjtm86xr2zy53gsge0fi6pg68.jpg\" title=\"torulaser\" alt=\"torulaser, exmet, exmet services, profiililaser, toru- ja profiililaser, laserl\u00f5ikus\" loading=\"lazy\" \/>\t\t\t\t\t\t\t\t<\/a>\n\t\t\t\t\t\t\t\t\t\t\t\t\t\t\t<\/div>\n\t\t\t\t<\/div>\n\t\t\t\t<div class=\"elementor-element elementor-element-f63889d elementor-widget elementor-widget-heading\" data-id=\"f63889d\" data-element_type=\"widget\" data-e-type=\"widget\" data-widget_type=\"heading.default\">\n\t\t\t\t<div class=\"elementor-widget-container\">\n\t\t\t\t\t<h2 class=\"elementor-heading-title elementor-size-default\"><a href=\"https:\/\/exmet.ee\/services\/toru-ja-profiilitootlus\/torulaser\/\">TORU- JA PROFIILILASER<\/a><\/h2>\t\t\t\t<\/div>\n\t\t\t\t<\/div>\n\t\t\t\t\t<\/div>\n\t\t<\/div>\n\t\t\t\t<div class=\"elementor-column elementor-col-25 elementor-inner-column elementor-element elementor-element-aae4e87\" data-id=\"aae4e87\" data-element_type=\"column\" data-e-type=\"column\">\n\t\t\t<div class=\"elementor-widget-wrap elementor-element-populated\">\n\t\t\t\t\t\t<div class=\"elementor-element elementor-element-6aeeca6 elementor-widget elementor-widget-image\" data-id=\"6aeeca6\" data-element_type=\"widget\" data-e-type=\"widget\" data-widget_type=\"image.default\">\n\t\t\t\t<div class=\"elementor-widget-container\">\n\t\t\t\t\t\t\t\t\t\t\t\t\t\t\t\t<a href=\"https:\/\/exmet.ee\/services\/toru-ja-profiilitootlus\/cnc-profiilitootlus\/\">\n\t\t\t\t\t\t\t<img decoding=\"async\" src=\"https:\/\/exmet.ee\/services\/wp-content\/uploads\/elementor\/thumbs\/Exmet-Services-Kaltenbach-CNC-tootlus-2-qmr13q6fb3ykfjsijcq7gtjeyufc8q9dfyj7owotnk.jpg\" title=\"profiilit\u00f6\u00f6tlus\" alt=\"torulaser, exmet services, exmet, profiililaser, laserl\u00f5ikus, lasert\u00f6\u00f6tlus, profiilit\u00f6\u00f6tlus\" loading=\"lazy\" \/>\t\t\t\t\t\t\t\t<\/a>\n\t\t\t\t\t\t\t\t\t\t\t\t\t\t\t<\/div>\n\t\t\t\t<\/div>\n\t\t\t\t<div class=\"elementor-element elementor-element-60cbfb4 elementor-widget elementor-widget-heading\" data-id=\"60cbfb4\" data-element_type=\"widget\" data-e-type=\"widget\" data-widget_type=\"heading.default\">\n\t\t\t\t<div class=\"elementor-widget-container\">\n\t\t\t\t\t<h2 class=\"elementor-heading-title elementor-size-default\"><a href=\"https:\/\/exmet.ee\/services\/toru-ja-profiilitootlus\/cnc-profiilitootlus\/\">CNC-PROFIILIT\u00d6\u00d6TLUS<\/a><\/h2>\t\t\t\t<\/div>\n\t\t\t\t<\/div>\n\t\t\t\t\t<\/div>\n\t\t<\/div>\n\t\t\t\t<div class=\"elementor-column elementor-col-25 elementor-inner-column elementor-element elementor-element-d759427\" data-id=\"d759427\" data-element_type=\"column\" data-e-type=\"column\">\n\t\t\t<div class=\"elementor-widget-wrap elementor-element-populated\">\n\t\t\t\t\t\t<div class=\"elementor-element elementor-element-e7695ba elementor-widget elementor-widget-image\" data-id=\"e7695ba\" data-element_type=\"widget\" data-e-type=\"widget\" data-widget_type=\"image.default\">\n\t\t\t\t<div class=\"elementor-widget-container\">\n\t\t\t\t\t\t\t\t\t\t\t\t\t\t\t\t<a href=\"https:\/\/exmet.ee\/services\/faasimine\/\">\n\t\t\t\t\t\t\t<img decoding=\"async\" src=\"https:\/\/exmet.ee\/services\/wp-content\/uploads\/elementor\/thumbs\/MMS72827-1-scaled-qox3ezz5djsyx6vhd6xjwlopze3ppl74j9hyoh1ag0.jpg\" title=\"faasimine\" alt=\"faasimine\" loading=\"lazy\" \/>\t\t\t\t\t\t\t\t<\/a>\n\t\t\t\t\t\t\t\t\t\t\t\t\t\t\t<\/div>\n\t\t\t\t<\/div>\n\t\t\t\t<div class=\"elementor-element elementor-element-d100dbc elementor-widget elementor-widget-heading\" data-id=\"d100dbc\" data-element_type=\"widget\" data-e-type=\"widget\" data-widget_type=\"heading.default\">\n\t\t\t\t<div class=\"elementor-widget-container\">\n\t\t\t\t\t<h2 class=\"elementor-heading-title elementor-size-default\"><a href=\"https:\/\/exmet.ee\/services\/faasimine\/\">FAASIMINE<\/a><\/h2>\t\t\t\t<\/div>\n\t\t\t\t<\/div>\n\t\t\t\t\t<\/div>\n\t\t<\/div>\n\t\t\t\t<div class=\"elementor-column elementor-col-25 elementor-inner-column elementor-element elementor-element-ca45bae\" data-id=\"ca45bae\" data-element_type=\"column\" data-e-type=\"column\">\n\t\t\t<div class=\"elementor-widget-wrap elementor-element-populated\">\n\t\t\t\t\t\t<div class=\"elementor-element elementor-element-240a710 elementor-widget elementor-widget-image\" data-id=\"240a710\" data-element_type=\"widget\" data-e-type=\"widget\" data-widget_type=\"image.default\">\n\t\t\t\t<div class=\"elementor-widget-container\">\n\t\t\t\t\t\t\t\t\t\t\t\t\t\t\t\t<a href=\"https:\/\/exmet.ee\/services\/haaveldamine\/\">\n\t\t\t\t\t\t\t<img decoding=\"async\" src=\"https:\/\/exmet.ee\/services\/wp-content\/uploads\/elementor\/thumbs\/haaveldamine-qmjs8of2bcblmwtbo0r82ma8o5pl4wg3mkze2sw36o.webp\" title=\"haaveldamine\" alt=\"haaveldamine\" loading=\"lazy\" \/>\t\t\t\t\t\t\t\t<\/a>\n\t\t\t\t\t\t\t\t\t\t\t\t\t\t\t<\/div>\n\t\t\t\t<\/div>\n\t\t\t\t<div class=\"elementor-element elementor-element-a3c2249 elementor-widget elementor-widget-heading\" data-id=\"a3c2249\" data-element_type=\"widget\" data-e-type=\"widget\" data-widget_type=\"heading.default\">\n\t\t\t\t<div class=\"elementor-widget-container\">\n\t\t\t\t\t<h2 class=\"elementor-heading-title elementor-size-default\"><a href=\"https:\/\/exmet.ee\/services\/haaveldamine\/\">HAAVELDAMINE<\/a><\/h2>\t\t\t\t<\/div>\n\t\t\t\t<\/div>\n\t\t\t\t\t<\/div>\n\t\t<\/div>\n\t\t\t\t\t<\/div>\n\t\t<\/section>\n\t\t\t\t<section class=\"elementor-section elementor-inner-section elementor-element elementor-element-4d0ac14 elementor-section-full_width elementor-section-height-default elementor-section-height-default\" data-id=\"4d0ac14\" data-element_type=\"section\" data-e-type=\"section\" data-settings=\"{&quot;jet_parallax_layout_list&quot;:[]}\">\n\t\t\t\t\t\t<div class=\"elementor-container elementor-column-gap-default\">\n\t\t\t\t\t<div class=\"elementor-column elementor-col-25 elementor-inner-column elementor-element elementor-element-8cff191\" data-id=\"8cff191\" data-element_type=\"column\" data-e-type=\"column\">\n\t\t\t<div class=\"elementor-widget-wrap elementor-element-populated\">\n\t\t\t\t\t\t<div class=\"elementor-element elementor-element-b1dd948 elementor-widget elementor-widget-image\" data-id=\"b1dd948\" data-element_type=\"widget\" data-e-type=\"widget\" data-widget_type=\"image.default\">\n\t\t\t\t<div class=\"elementor-widget-container\">\n\t\t\t\t\t\t\t\t\t\t\t\t\t\t\t\t<a href=\"https:\/\/exmet.ee\/services\/markeerimine-ja-pakendamine\/\">\n\t\t\t\t\t\t\t<img decoding=\"async\" src=\"https:\/\/exmet.ee\/services\/wp-content\/uploads\/elementor\/thumbs\/markeerimine-qmjs8nh84iabbauoticli4is2ru7x7cdagbwlixhcw.webp\" title=\"markeerimine\" alt=\"markeerimine, pakendamine, metalli markeerimine, exmet services, exmet, pakendamine\" loading=\"lazy\" \/>\t\t\t\t\t\t\t\t<\/a>\n\t\t\t\t\t\t\t\t\t\t\t\t\t\t\t<\/div>\n\t\t\t\t<\/div>\n\t\t\t\t<div class=\"elementor-element elementor-element-048b247 elementor-widget elementor-widget-heading\" data-id=\"048b247\" data-element_type=\"widget\" data-e-type=\"widget\" data-widget_type=\"heading.default\">\n\t\t\t\t<div class=\"elementor-widget-container\">\n\t\t\t\t\t<h2 class=\"elementor-heading-title elementor-size-default\"><a href=\"https:\/\/exmet.ee\/services\/markeerimine-ja-pakendamine\/\">MARKEERIMINE JA PAKENDAMINE\n<\/a><\/h2>\t\t\t\t<\/div>\n\t\t\t\t<\/div>\n\t\t\t\t\t<\/div>\n\t\t<\/div>\n\t\t\t\t<div class=\"elementor-column elementor-col-25 elementor-inner-column elementor-element elementor-element-808ad00\" data-id=\"808ad00\" data-element_type=\"column\" data-e-type=\"column\">\n\t\t\t<div class=\"elementor-widget-wrap\">\n\t\t\t\t\t\t\t<\/div>\n\t\t<\/div>\n\t\t\t\t<div class=\"elementor-column elementor-col-25 elementor-inner-column elementor-element elementor-element-9924993\" data-id=\"9924993\" data-element_type=\"column\" data-e-type=\"column\">\n\t\t\t<div class=\"elementor-widget-wrap\">\n\t\t\t\t\t\t\t<\/div>\n\t\t<\/div>\n\t\t\t\t<div class=\"elementor-column elementor-col-25 elementor-inner-column elementor-element elementor-element-93f9e56\" data-id=\"93f9e56\" data-element_type=\"column\" data-e-type=\"column\">\n\t\t\t<div class=\"elementor-widget-wrap\">\n\t\t\t\t\t\t\t<\/div>\n\t\t<\/div>\n\t\t\t\t\t<\/div>\n\t\t<\/section>\n\t\t\t\t\t<\/div>\n\t\t<\/div>\n\t\t\t\t\t<\/div>\n\t\t<\/section>\n\t\t\t\t<\/div>\n\t\t","protected":false},"excerpt":{"rendered":"<p>TORU- JA PROFIILIT\u00d6\u00d6TLUS Pakume laia valikut profiilit\u00f6\u00f6tluse teenuseid alates torude ja profiilide tipptasemel laserl\u00f5ikusest ning Kaltenbachi CNC-profiilit\u00f6\u00f6tlusmasinaga t\u00f6\u00f6tlusest kuni haavelduseni.\u00a0 Tehases eelt\u00f6\u00f6deldud profiilide kasutamine annab klientidele hulgaliselt eeliseid, alustades suuremast tootmist\u00f5hususest kuni parema kvaliteedikontrollini. Pealegi saab siis kohandada profiile t\u00e4pselt l\u00f5pptoodangu n\u00f5uete ja kvaliteedistandardite j\u00e4rgi. Tutvuge meie profiilit\u00f6\u00f6tluse teenustega ja v\u00f5tke \u00fchendust. TORU- JA PROFIILILASER [&hellip;]<\/p>\n","protected":false},"author":2,"featured_media":12222,"parent":0,"menu_order":2,"comment_status":"closed","ping_status":"closed","template":"elementor_header_footer","meta":{"footnotes":""},"class_list":["post-10930","page","type-page","status-publish","has-post-thumbnail","hentry"],"_links":{"self":[{"href":"https:\/\/exmet.ee\/services\/wp-json\/wp\/v2\/pages\/10930","targetHints":{"allow":["GET"]}}],"collection":[{"href":"https:\/\/exmet.ee\/services\/wp-json\/wp\/v2\/pages"}],"about":[{"href":"https:\/\/exmet.ee\/services\/wp-json\/wp\/v2\/types\/page"}],"author":[{"embeddable":true,"href":"https:\/\/exmet.ee\/services\/wp-json\/wp\/v2\/users\/2"}],"replies":[{"embeddable":true,"href":"https:\/\/exmet.ee\/services\/wp-json\/wp\/v2\/comments?post=10930"}],"version-history":[{"count":4,"href":"https:\/\/exmet.ee\/services\/wp-json\/wp\/v2\/pages\/10930\/revisions"}],"predecessor-version":[{"id":19038,"href":"https:\/\/exmet.ee\/services\/wp-json\/wp\/v2\/pages\/10930\/revisions\/19038"}],"wp:featuredmedia":[{"embeddable":true,"href":"https:\/\/exmet.ee\/services\/wp-json\/wp\/v2\/media\/12222"}],"wp:attachment":[{"href":"https:\/\/exmet.ee\/services\/wp-json\/wp\/v2\/media?parent=10930"}],"curies":[{"name":"wp","href":"https:\/\/api.w.org\/{rel}","templated":true}]}}